{"id":2166,"date":"2024-03-02T11:50:10","date_gmt":"2024-03-02T11:50:10","guid":{"rendered":"https:\/\/phevaworld.com\/cart\/"},"modified":"2024-06-05T04:06:41","modified_gmt":"2024-06-05T04:06:41","slug":"cart","status":"publish","type":"page","link":"https:\/\/phevaworld.com\/vi\/cart\/","title":{"rendered":"Gi\u1ecf h\u00e0ng"},"content":{"rendered":"<div data-block-name=\"woocommerce\/cart\" class=\"wp-block-woocommerce-cart alignwide is-loading\"><div data-block-name=\"woocommerce\/filled-cart-block\" class=\"wp-block-woocommerce-filled-cart-block\"><div data-block-name=\"woocommerce\/cart-items-block\" class=\"wp-block-woocommerce-cart-items-block\"><div data-block-name=\"woocommerce\/cart-line-items-block\" class=\"wp-block-woocommerce-cart-line-items-block\"><\/div>\n\n<div data-block-name=\"woocommerce\/cart-cross-sells-block\" class=\"wp-block-woocommerce-cart-cross-sells-block\">\n<h2 class=\"wp-block-heading has-large-font-size\">B\u1ea1n c\u00f3 th\u1ec3 quan t\u00e2m\u2026<\/h2>\n\n\n<div data-block-name=\"woocommerce\/cart-cross-sells-products-block\" class=\"wp-block-woocommerce-cart-cross-sells-products-block\"><\/div><\/div><\/div>\n\n<div data-block-name=\"woocommerce\/cart-totals-block\" class=\"wp-block-woocommerce-cart-totals-block\"><div data-block-name=\"woocommerce\/cart-order-summary-block\" class=\"wp-block-woocommerce-cart-order-summary-block\"><div data-block-name=\"woocommerce\/cart-order-summary-heading-block\" class=\"wp-block-woocommerce-cart-order-summary-heading-block\"><\/div><div data-block-name=\"woocommerce\/cart-order-summary-coupon-form-block\" class=\"wp-block-woocommerce-cart-order-summary-coupon-form-block\"><\/div><div data-block-name=\"woocommerce\/cart-order-summary-totals-block\" class=\"wp-block-woocommerce-cart-order-summary-totals-block\">\n<div data-block-name=\"woocommerce\/cart-order-summary-subtotal-block\" class=\"wp-block-woocommerce-cart-order-summary-subtotal-block\"><\/div>\n<div data-block-name=\"woocommerce\/cart-order-summary-discount-block\" class=\"wp-block-woocommerce-cart-order-summary-discount-block\"><\/div>\n<div data-block-name=\"woocommerce\/cart-order-summary-fee-block\" class=\"wp-block-woocommerce-cart-order-summary-fee-block\"><\/div>\n<div data-block-name=\"woocommerce\/cart-order-summary-shipping-block\" class=\"wp-block-woocommerce-cart-order-summary-shipping-block\"><\/div>\n<div data-block-name=\"woocommerce\/cart-order-summary-taxes-block\" class=\"wp-block-woocommerce-cart-order-summary-taxes-block\"><\/div><\/div><\/div>\n\n<div data-block-name=\"woocommerce\/cart-express-payment-block\" class=\"wp-block-woocommerce-cart-express-payment-block\"><\/div>\n\n<div data-block-name=\"woocommerce\/proceed-to-checkout-block\" class=\"wp-block-woocommerce-proceed-to-checkout-block\"><\/div>\n\n<div data-block-name=\"woocommerce\/cart-accepted-payment-methods-block\" class=\"wp-block-woocommerce-cart-accepted-payment-methods-block\"><\/div><\/div><\/div>\n\n<div data-block-name=\"woocommerce\/empty-cart-block\" class=\"wp-block-woocommerce-empty-cart-block\">\n<h2 class=\"wp-block-heading has-text-align-center with-empty-cart-icon wc-block-cart__empty-cart__title\">Ch\u01b0a c\u00f3 s\u1ea3n ph\u1ea9m trong gi\u1ecf h\u00e0ng<\/h2>\n\n\n\n<hr class=\"wp-block-separator has-alpha-channel-opacity is-style-dots\"\/>\n\n\n\n<h2 class=\"wp-block-heading has-text-align-center\">S\u1ea3n ph\u1ea9m m\u1edbi<\/h2>\n\n\n<div data-block-name=\"woocommerce\/product-new\" data-columns=\"4\" data-rows=\"1\" class=\"wc-block-grid wp-block-product-new wc-block-product-new has-4-columns\"><ul class=\"wc-block-grid__products\"><li class=\"wc-block-grid__product\">\n\t\t\t\t<a href=\"https:\/\/phevaworld.com\/vi\/s\u1ea3n-ph\u1ea9m\/socola-hat-15g-hat-de-cuoi-copy\/\" class=\"wc-block-grid__product-link\">\n\t\t\t\t\t\n\t\t\t\t\t<div class=\"wc-block-grid__product-image\"><img fetchpriority=\"high\" decoding=\"async\" width=\"1000\" height=\"672\" src=\"https:\/\/phevaworld.com\/wp-content\/uploads\/2025\/07\/BOX_bean_Black-Pepper-1000x672.png\" class=\"attachment-woocommerce_thumbnail size-woocommerce_thumbnail\" alt=\"S\u00f4c\u00f4la H\u1ea1t 15g \u2013 S\u00f4c\u00f4la \u0111en Ti\u00eau \u0111en\" srcset=\"https:\/\/phevaworld.com\/wp-content\/uploads\/2025\/07\/BOX_bean_Black-Pepper-1000x672.png 1000w, https:\/\/phevaworld.com\/wp-content\/uploads\/2025\/07\/BOX_bean_Black-Pepper-300x202.png 300w, https:\/\/phevaworld.com\/wp-content\/uploads\/2025\/07\/BOX_bean_Black-Pepper-1024x688.png 1024w, https:\/\/phevaworld.com\/wp-content\/uploads\/2025\/07\/BOX_bean_Black-Pepper-768x516.png 768w, https:\/\/phevaworld.com\/wp-content\/uploads\/2025\/07\/BOX_bean_Black-Pepper-1536x1032.png 1536w, https:\/\/phevaworld.com\/wp-content\/uploads\/2025\/07\/BOX_bean_Black-Pepper.png 1600w\" sizes=\"(max-width: 1000px) 100vw, 1000px\" \/><\/div>\n\t\t\t\t\t<div class=\"wc-block-grid__product-title\">S\u00f4c\u00f4la H\u1ea1t 15g \u2013 S\u00f4c\u00f4la \u0111en Ti\u00eau \u0111en<\/div>\n\t\t\t\t<\/a>\n\t\t\t\t<div class=\"wc-block-grid__product-price price\"><span class=\"woocommerce-Price-amount amount\">28.620&nbsp;<span class=\"woocommerce-Price-currencySymbol\">&#8363;<\/span><\/span><\/div>\n\t\t\t\t\n\t\t\t\t<div class=\"wp-block-button wc-block-grid__product-add-to-cart\"><a href=\"?add-to-cart=4145\" aria-label=\"Add to cart: &ldquo;S\u00f4c\u00f4la H\u1ea1t 15g \u2013 S\u00f4c\u00f4la \u0111en Ti\u00eau \u0111en&rdquo;\" data-quantity=\"1\" data-product_id=\"4145\" data-product_sku=\"\" data-price=\"28620\" rel=\"nofollow\" class=\"wp-block-button__link  add_to_cart_button ajax_add_to_cart\">Th\u00eam v\u00e0o gi\u1ecf<\/a><\/div>\n\t\t\t<\/li><li class=\"wc-block-grid__product\">\n\t\t\t\t<a href=\"https:\/\/phevaworld.com\/vi\/s\u1ea3n-ph\u1ea9m\/socola-hat-15g-hat-de-cuoi-copy-4\/\" class=\"wc-block-grid__product-link\">\n\t\t\t\t\t\n\t\t\t\t\t<div class=\"wc-block-grid__product-image\"><img decoding=\"async\" width=\"1000\" height=\"672\" src=\"https:\/\/phevaworld.com\/wp-content\/uploads\/2025\/07\/BOX_bean_Salt-Coffee-1000x672.png\" class=\"attachment-woocommerce_thumbnail size-woocommerce_thumbnail\" alt=\"S\u00f4c\u00f4la H\u1ea1t 15g \u2013 S\u00f4c\u00f4la C\u00e0 ph\u00ea Mu\u1ed1i\" srcset=\"https:\/\/phevaworld.com\/wp-content\/uploads\/2025\/07\/BOX_bean_Salt-Coffee-1000x672.png 1000w, https:\/\/phevaworld.com\/wp-content\/uploads\/2025\/07\/BOX_bean_Salt-Coffee-300x202.png 300w, https:\/\/phevaworld.com\/wp-content\/uploads\/2025\/07\/BOX_bean_Salt-Coffee-1024x688.png 1024w, https:\/\/phevaworld.com\/wp-content\/uploads\/2025\/07\/BOX_bean_Salt-Coffee-768x516.png 768w, https:\/\/phevaworld.com\/wp-content\/uploads\/2025\/07\/BOX_bean_Salt-Coffee-1536x1032.png 1536w, https:\/\/phevaworld.com\/wp-content\/uploads\/2025\/07\/BOX_bean_Salt-Coffee.png 1600w\" sizes=\"(max-width: 1000px) 100vw, 1000px\" \/><\/div>\n\t\t\t\t\t<div class=\"wc-block-grid__product-title\">S\u00f4c\u00f4la H\u1ea1t 15g \u2013 S\u00f4c\u00f4la C\u00e0 ph\u00ea Mu\u1ed1i<\/div>\n\t\t\t\t<\/a>\n\t\t\t\t<div class=\"wc-block-grid__product-price price\"><span class=\"woocommerce-Price-amount amount\">28.620&nbsp;<span class=\"woocommerce-Price-currencySymbol\">&#8363;<\/span><\/span><\/div>\n\t\t\t\t\n\t\t\t\t<div class=\"wp-block-button wc-block-grid__product-add-to-cart\"><a href=\"?add-to-cart=4143\" aria-label=\"Add to cart: &ldquo;S\u00f4c\u00f4la H\u1ea1t 15g \u2013 S\u00f4c\u00f4la C\u00e0 ph\u00ea Mu\u1ed1i&rdquo;\" data-quantity=\"1\" data-product_id=\"4143\" data-product_sku=\"\" data-price=\"28620\" rel=\"nofollow\" class=\"wp-block-button__link  add_to_cart_button ajax_add_to_cart\">Th\u00eam v\u00e0o gi\u1ecf<\/a><\/div>\n\t\t\t<\/li><li class=\"wc-block-grid__product\">\n\t\t\t\t<a href=\"https:\/\/phevaworld.com\/vi\/s\u1ea3n-ph\u1ea9m\/socola-hat-15g-hat-de-cuoi-copy-3\/\" class=\"wc-block-grid__product-link\">\n\t\t\t\t\t\n\t\t\t\t\t<div class=\"wc-block-grid__product-image\"><img decoding=\"async\" width=\"1000\" height=\"672\" src=\"https:\/\/phevaworld.com\/wp-content\/uploads\/2025\/07\/BOX_bean_Puffed-Rice-1000x672.png\" class=\"attachment-woocommerce_thumbnail size-woocommerce_thumbnail\" alt=\"S\u00f4c\u00f4la H\u1ea1t 15g \u2013 S\u00f4c\u00f4la s\u1eefa G\u1ea1o l\u1ee9t\" srcset=\"https:\/\/phevaworld.com\/wp-content\/uploads\/2025\/07\/BOX_bean_Puffed-Rice-1000x672.png 1000w, https:\/\/phevaworld.com\/wp-content\/uploads\/2025\/07\/BOX_bean_Puffed-Rice-300x202.png 300w, https:\/\/phevaworld.com\/wp-content\/uploads\/2025\/07\/BOX_bean_Puffed-Rice-1024x688.png 1024w, https:\/\/phevaworld.com\/wp-content\/uploads\/2025\/07\/BOX_bean_Puffed-Rice-768x516.png 768w, https:\/\/phevaworld.com\/wp-content\/uploads\/2025\/07\/BOX_bean_Puffed-Rice-1536x1032.png 1536w, https:\/\/phevaworld.com\/wp-content\/uploads\/2025\/07\/BOX_bean_Puffed-Rice.png 1600w\" sizes=\"(max-width: 1000px) 100vw, 1000px\" \/><\/div>\n\t\t\t\t\t<div class=\"wc-block-grid__product-title\">S\u00f4c\u00f4la H\u1ea1t 15g \u2013 S\u00f4c\u00f4la s\u1eefa G\u1ea1o l\u1ee9t<\/div>\n\t\t\t\t<\/a>\n\t\t\t\t<div class=\"wc-block-grid__product-price price\"><span class=\"woocommerce-Price-amount amount\">28.620&nbsp;<span class=\"woocommerce-Price-currencySymbol\">&#8363;<\/span><\/span><\/div>\n\t\t\t\t\n\t\t\t\t<div class=\"wp-block-button wc-block-grid__product-add-to-cart\"><a href=\"?add-to-cart=4141\" aria-label=\"Add to cart: &ldquo;S\u00f4c\u00f4la H\u1ea1t 15g \u2013 S\u00f4c\u00f4la s\u1eefa G\u1ea1o l\u1ee9t&rdquo;\" data-quantity=\"1\" data-product_id=\"4141\" data-product_sku=\"\" data-price=\"28620\" rel=\"nofollow\" class=\"wp-block-button__link  add_to_cart_button ajax_add_to_cart\">Th\u00eam v\u00e0o gi\u1ecf<\/a><\/div>\n\t\t\t<\/li><li class=\"wc-block-grid__product\">\n\t\t\t\t<a href=\"https:\/\/phevaworld.com\/vi\/s\u1ea3n-ph\u1ea9m\/socola-hat-15g-hat-de-cuoi-copy-2\/\" class=\"wc-block-grid__product-link\">\n\t\t\t\t\t\n\t\t\t\t\t<div class=\"wc-block-grid__product-image\"><img loading=\"lazy\" decoding=\"async\" width=\"1000\" height=\"672\" src=\"https:\/\/phevaworld.com\/wp-content\/uploads\/2025\/07\/BOX_bean_Milk-1000x672.png\" class=\"attachment-woocommerce_thumbnail size-woocommerce_thumbnail\" alt=\"S\u00f4c\u00f4la H\u1ea1t 15g \u2013 S\u00f4c\u00f4la s\u1eefa\" srcset=\"https:\/\/phevaworld.com\/wp-content\/uploads\/2025\/07\/BOX_bean_Milk-1000x672.png 1000w, https:\/\/phevaworld.com\/wp-content\/uploads\/2025\/07\/BOX_bean_Milk-300x202.png 300w, https:\/\/phevaworld.com\/wp-content\/uploads\/2025\/07\/BOX_bean_Milk-1024x688.png 1024w, https:\/\/phevaworld.com\/wp-content\/uploads\/2025\/07\/BOX_bean_Milk-768x516.png 768w, https:\/\/phevaworld.com\/wp-content\/uploads\/2025\/07\/BOX_bean_Milk-1536x1032.png 1536w, https:\/\/phevaworld.com\/wp-content\/uploads\/2025\/07\/BOX_bean_Milk.png 1600w\" sizes=\"(max-width: 1000px) 100vw, 1000px\" \/><\/div>\n\t\t\t\t\t<div class=\"wc-block-grid__product-title\">S\u00f4c\u00f4la H\u1ea1t 15g \u2013 S\u00f4c\u00f4la s\u1eefa<\/div>\n\t\t\t\t<\/a>\n\t\t\t\t<div class=\"wc-block-grid__product-price price\"><span class=\"woocommerce-Price-amount amount\">28.620&nbsp;<span class=\"woocommerce-Price-currencySymbol\">&#8363;<\/span><\/span><\/div>\n\t\t\t\t\n\t\t\t\t<div class=\"wp-block-button wc-block-grid__product-add-to-cart\"><a href=\"?add-to-cart=4139\" aria-label=\"Add to cart: &ldquo;S\u00f4c\u00f4la H\u1ea1t 15g \u2013 S\u00f4c\u00f4la s\u1eefa&rdquo;\" data-quantity=\"1\" data-product_id=\"4139\" data-product_sku=\"\" data-price=\"28620\" rel=\"nofollow\" class=\"wp-block-button__link  add_to_cart_button ajax_add_to_cart\">Th\u00eam v\u00e0o gi\u1ecf<\/a><\/div>\n\t\t\t<\/li><\/ul><\/div><\/div><\/div>","protected":false},"excerpt":{"rendered":"","protected":false},"author":1,"featured_media":0,"parent":0,"menu_order":0,"comment_status":"closed","ping_status":"closed","template":"","meta":{"_acf_changed":false,"ocean_post_layout":"","ocean_both_sidebars_style":"","ocean_both_sidebars_content_width":0,"ocean_both_sidebars_sidebars_width":0,"ocean_sidebar":"0","ocean_second_sidebar":"0","ocean_disable_margins":"enable","ocean_add_body_class":"","ocean_shortcode_before_top_bar":"","ocean_shortcode_after_top_bar":"","ocean_shortcode_before_header":"","ocean_shortcode_after_header":"","ocean_has_shortcode":"","ocean_shortcode_after_title":"","ocean_shortcode_before_footer_widgets":"","ocean_shortcode_after_footer_widgets":"","ocean_shortcode_before_footer_bottom":"","ocean_shortcode_after_footer_bottom":"","ocean_display_top_bar":"default","ocean_display_header":"default","ocean_header_style":"","ocean_center_header_left_menu":"0","ocean_custom_header_template":"0","ocean_custom_logo":0,"ocean_custom_retina_logo":0,"ocean_custom_logo_max_width":0,"ocean_custom_logo_tablet_max_width":0,"ocean_custom_logo_mobile_max_width":0,"ocean_custom_logo_max_height":0,"ocean_custom_logo_tablet_max_height":0,"ocean_custom_logo_mobile_max_height":0,"ocean_header_custom_menu":"0","ocean_menu_typo_font_family":"0","ocean_menu_typo_font_subset":"","ocean_menu_typo_font_size":0,"ocean_menu_typo_font_size_tablet":0,"ocean_menu_typo_font_size_mobile":0,"ocean_menu_typo_font_size_unit":"px","ocean_menu_typo_font_weight":"","ocean_menu_typo_font_weight_tablet":"","ocean_menu_typo_font_weight_mobile":"","ocean_menu_typo_transform":"","ocean_menu_typo_transform_tablet":"","ocean_menu_typo_transform_mobile":"","ocean_menu_typo_line_height":0,"ocean_menu_typo_line_height_tablet":0,"ocean_menu_typo_line_height_mobile":0,"ocean_menu_typo_line_height_unit":"","ocean_menu_typo_spacing":0,"ocean_menu_typo_spacing_tablet":0,"ocean_menu_typo_spacing_mobile":0,"ocean_menu_typo_spacing_unit":"","ocean_menu_link_color":"","ocean_menu_link_color_hover":"","ocean_menu_link_color_active":"","ocean_menu_link_background":"","ocean_menu_link_hover_background":"","ocean_menu_link_active_background":"","ocean_menu_social_links_bg":"","ocean_menu_social_hover_links_bg":"","ocean_menu_social_links_color":"","ocean_menu_social_hover_links_color":"","ocean_disable_title":"default","ocean_disable_heading":"default","ocean_post_title":"","ocean_post_subheading":"","ocean_post_title_style":"","ocean_post_title_background_color":"","ocean_post_title_background":0,"ocean_post_title_bg_image_position":"","ocean_post_title_bg_image_attachment":"","ocean_post_title_bg_image_repeat":"","ocean_post_title_bg_image_size":"","ocean_post_title_height":0,"ocean_post_title_bg_overlay":0.5,"ocean_post_title_bg_overlay_color":"","ocean_disable_breadcrumbs":"default","ocean_breadcrumbs_color":"","ocean_breadcrumbs_separator_color":"","ocean_breadcrumbs_links_color":"","ocean_breadcrumbs_links_hover_color":"","ocean_display_footer_widgets":"default","ocean_display_footer_bottom":"default","ocean_custom_footer_template":"0","footnotes":""},"class_list":["post-2166","page","type-page","status-publish","hentry","entry","owp-thumbs-layout-horizontal","owp-btn-normal","owp-tabs-layout-horizontal","has-no-thumbnails"],"acf":[],"jetpack_sharing_enabled":true,"_links":{"self":[{"href":"https:\/\/phevaworld.com\/vi\/wp-json\/wp\/v2\/pages\/2166","targetHints":{"allow":["GET"]}}],"collection":[{"href":"https:\/\/phevaworld.com\/vi\/wp-json\/wp\/v2\/pages"}],"about":[{"href":"https:\/\/phevaworld.com\/vi\/wp-json\/wp\/v2\/types\/page"}],"author":[{"embeddable":true,"href":"https:\/\/phevaworld.com\/vi\/wp-json\/wp\/v2\/users\/1"}],"replies":[{"embeddable":true,"href":"https:\/\/phevaworld.com\/vi\/wp-json\/wp\/v2\/comments?post=2166"}],"version-history":[{"count":13,"href":"https:\/\/phevaworld.com\/vi\/wp-json\/wp\/v2\/pages\/2166\/revisions"}],"predecessor-version":[{"id":2753,"href":"https:\/\/phevaworld.com\/vi\/wp-json\/wp\/v2\/pages\/2166\/revisions\/2753"}],"wp:attachment":[{"href":"https:\/\/phevaworld.com\/vi\/wp-json\/wp\/v2\/media?parent=2166"}],"curies":[{"name":"wp","href":"https:\/\/api.w.org\/{rel}","templated":true}]}}