{"id":2189,"date":"2024-03-02T19:24:18","date_gmt":"2024-03-02T19:24:18","guid":{"rendered":"https:\/\/phevaworld.com\/ve-chung-toi\/"},"modified":"2024-08-20T03:33:41","modified_gmt":"2024-08-20T03:33:41","slug":"ve-chung-toi","status":"publish","type":"page","link":"https:\/\/phevaworld.com\/vi\/ve-chung-toi\/","title":{"rendered":"V\u1ec1 PHEVA"},"content":{"rendered":"\t\t<div data-elementor-type=\"wp-page\" data-elementor-id=\"2189\" class=\"elementor elementor-2189 elementor-19\">\n\t\t\t\t\t\t<section class=\"elementor-section elementor-top-section elementor-element elementor-element-20428be elementor-section-boxed elementor-section-height-default elementor-section-height-default\" data-id=\"20428be\" data-element_type=\"section\">\n\t\t\t\t\t\t<div class=\"elementor-container elementor-column-gap-default\">\n\t\t\t\t\t<div class=\"elementor-column elementor-col-100 elementor-top-column elementor-element elementor-element-d649d3e\" data-id=\"d649d3e\" data-element_type=\"column\">\n\t\t\t<div class=\"elementor-widget-wrap elementor-element-populated\">\n\t\t\t\t\t\t<div class=\"elementor-element elementor-element-d1219a4 elementor-widget elementor-widget-heading\" data-id=\"d1219a4\" data-element_type=\"widget\" data-widget_type=\"heading.default\">\n\t\t\t\t<div class=\"elementor-widget-container\">\n\t\t\t<style>\/*! elementor - v3.21.0 - 20-05-2024 *\/\n.elementor-heading-title{padding:0;margin:0;line-height:1}.elementor-widget-heading .elementor-heading-title[class*=elementor-size-]>a{color:inherit;font-size:inherit;line-height:inherit}.elementor-widget-heading .elementor-heading-title.elementor-size-small{font-size:15px}.elementor-widget-heading .elementor-heading-title.elementor-size-medium{font-size:19px}.elementor-widget-heading .elementor-heading-title.elementor-size-large{font-size:29px}.elementor-widget-heading .elementor-heading-title.elementor-size-xl{font-size:39px}.elementor-widget-heading .elementor-heading-title.elementor-size-xxl{font-size:59px}<\/style><h2 class=\"elementor-heading-title elementor-size-default\">\u0110em \u0110\u1ebfn Cho B\u1ea1n Nh\u1eefng Kho\u1ea3nh Kh\u1eafc Th\u00fa V\u1ecb<\/h2>\t\t<\/div>\n\t\t\t\t<\/div>\n\t\t\t\t<div class=\"elementor-element elementor-element-6b5086d elementor-widget elementor-widget-heading\" data-id=\"6b5086d\" data-element_type=\"widget\" data-widget_type=\"heading.default\">\n\t\t\t\t<div class=\"elementor-widget-container\">\n\t\t\t<h2 class=\"elementor-heading-title elementor-size-default\">V\u1ec1 Pheva<\/h2>\t\t<\/div>\n\t\t\t\t<\/div>\n\t\t\t\t<div class=\"elementor-element elementor-element-7e07675 elementor-widget-divider--view-line elementor-widget elementor-widget-divider\" data-id=\"7e07675\" data-element_type=\"widget\" data-widget_type=\"divider.default\">\n\t\t\t\t<div class=\"elementor-widget-container\">\n\t\t\t<style>\/*! elementor - v3.21.0 - 20-05-2024 *\/\n.elementor-widget-divider{--divider-border-style:none;--divider-border-width:1px;--divider-color:#0c0d0e;--divider-icon-size:20px;--divider-element-spacing:10px;--divider-pattern-height:24px;--divider-pattern-size:20px;--divider-pattern-url:none;--divider-pattern-repeat:repeat-x}.elementor-widget-divider .elementor-divider{display:flex}.elementor-widget-divider .elementor-divider__text{font-size:15px;line-height:1;max-width:95%}.elementor-widget-divider .elementor-divider__element{margin:0 var(--divider-element-spacing);flex-shrink:0}.elementor-widget-divider .elementor-icon{font-size:var(--divider-icon-size)}.elementor-widget-divider .elementor-divider-separator{display:flex;margin:0;direction:ltr}.elementor-widget-divider--view-line_icon .elementor-divider-separator,.elementor-widget-divider--view-line_text .elementor-divider-separator{align-items:center}.elementor-widget-divider--view-line_icon .elementor-divider-separator:after,.elementor-widget-divider--view-line_icon .elementor-divider-separator:before,.elementor-widget-divider--view-line_text .elementor-divider-separator:after,.elementor-widget-divider--view-line_text .elementor-divider-separator:before{display:block;content:\"\";border-block-end:0;flex-grow:1;border-block-start:var(--divider-border-width) var(--divider-border-style) var(--divider-color)}.elementor-widget-divider--element-align-left .elementor-divider .elementor-divider-separator>.elementor-divider__svg:first-of-type{flex-grow:0;flex-shrink:100}.elementor-widget-divider--element-align-left .elementor-divider-separator:before{content:none}.elementor-widget-divider--element-align-left .elementor-divider__element{margin-left:0}.elementor-widget-divider--element-align-right .elementor-divider .elementor-divider-separator>.elementor-divider__svg:last-of-type{flex-grow:0;flex-shrink:100}.elementor-widget-divider--element-align-right .elementor-divider-separator:after{content:none}.elementor-widget-divider--element-align-right .elementor-divider__element{margin-right:0}.elementor-widget-divider--element-align-start .elementor-divider .elementor-divider-separator>.elementor-divider__svg:first-of-type{flex-grow:0;flex-shrink:100}.elementor-widget-divider--element-align-start .elementor-divider-separator:before{content:none}.elementor-widget-divider--element-align-start .elementor-divider__element{margin-inline-start:0}.elementor-widget-divider--element-align-end .elementor-divider .elementor-divider-separator>.elementor-divider__svg:last-of-type{flex-grow:0;flex-shrink:100}.elementor-widget-divider--element-align-end .elementor-divider-separator:after{content:none}.elementor-widget-divider--element-align-end .elementor-divider__element{margin-inline-end:0}.elementor-widget-divider:not(.elementor-widget-divider--view-line_text):not(.elementor-widget-divider--view-line_icon) .elementor-divider-separator{border-block-start:var(--divider-border-width) var(--divider-border-style) var(--divider-color)}.elementor-widget-divider--separator-type-pattern{--divider-border-style:none}.elementor-widget-divider--separator-type-pattern.elementor-widget-divider--view-line .elementor-divider-separator,.elementor-widget-divider--separator-type-pattern:not(.elementor-widget-divider--view-line) .elementor-divider-separator:after,.elementor-widget-divider--separator-type-pattern:not(.elementor-widget-divider--view-line) .elementor-divider-separator:before,.elementor-widget-divider--separator-type-pattern:not([class*=elementor-widget-divider--view]) .elementor-divider-separator{width:100%;min-height:var(--divider-pattern-height);-webkit-mask-size:var(--divider-pattern-size) 100%;mask-size:var(--divider-pattern-size) 100%;-webkit-mask-repeat:var(--divider-pattern-repeat);mask-repeat:var(--divider-pattern-repeat);background-color:var(--divider-color);-webkit-mask-image:var(--divider-pattern-url);mask-image:var(--divider-pattern-url)}.elementor-widget-divider--no-spacing{--divider-pattern-size:auto}.elementor-widget-divider--bg-round{--divider-pattern-repeat:round}.rtl .elementor-widget-divider .elementor-divider__text{direction:rtl}.e-con-inner>.elementor-widget-divider,.e-con>.elementor-widget-divider{width:var(--container-widget-width,100%);--flex-grow:var(--container-widget-flex-grow)}<\/style>\t\t<div class=\"elementor-divider\">\n\t\t\t<span class=\"elementor-divider-separator\">\n\t\t\t\t\t\t<\/span>\n\t\t<\/div>\n\t\t\t\t<\/div>\n\t\t\t\t<\/div>\n\t\t\t\t<div class=\"elementor-element elementor-element-466a49f elementor-widget elementor-widget-text-editor\" data-id=\"466a49f\" data-element_type=\"widget\" data-widget_type=\"text-editor.default\">\n\t\t\t\t<div class=\"elementor-widget-container\">\n\t\t\t<style>\/*! elementor - v3.21.0 - 20-05-2024 *\/\n.elementor-widget-text-editor.elementor-drop-cap-view-stacked .elementor-drop-cap{background-color:#69727d;color:#fff}.elementor-widget-text-editor.elementor-drop-cap-view-framed .elementor-drop-cap{color:#69727d;border:3px solid;background-color:transparent}.elementor-widget-text-editor:not(.elementor-drop-cap-view-default) .elementor-drop-cap{margin-top:8px}.elementor-widget-text-editor:not(.elementor-drop-cap-view-default) .elementor-drop-cap-letter{width:1em;height:1em}.elementor-widget-text-editor .elementor-drop-cap{float:left;text-align:center;line-height:1;font-size:50px}.elementor-widget-text-editor .elementor-drop-cap-letter{display:inline-block}<\/style>\t\t\t\t<p>Pheva \u2013 Thi\u00ean \u0111\u01b0\u1eddng s\u00f4c\u00f4la t\u1ecda l\u1ea1c \u1edf trung t\u00e2m \u0111\u1ea5t n\u01b0\u1edbc Vi\u1ec7t Nam. H\u00e0nh tr\u00ecnh c\u1ee7a ch\u00fang t\u00f4i b\u1eaft \u0111\u1ea7u t\u1eeb nh\u1eefng c\u00e1nh \u0111\u1ed3ng cacao xanh t\u01b0\u01a1i c\u1ee7a B\u1ebfn Tre, n\u01a1i nh\u1eefng h\u1ea1t cacao Trinitario ngon nh\u1ea5t ph\u00e1t tri\u1ec3n d\u01b0\u1edbi \u00e1nh n\u1eafng nhi\u1ec7t \u0111\u1edbi \u1ea5m \u00e1p. T\u1eeb nh\u1eefng kh\u1edfi \u0111\u1ea7u \u0111\u01a1n s\u01a1 n\u00e0y, Pheva v\u01b0\u01a1n cao nh\u01b0 m\u1ed9t bi\u1ec3u t\u01b0\u1ee3ng t\u00f4n vinh di s\u1ea3n Vi\u1ec7t Nam, l\u00e0 m\u1ed9t minh ch\u1ee9ng c\u1ee7a truy\u1ec1n th\u1ed1ng \u1ea9m th\u1ef1c phong ph\u00fa v\u00e0 h\u01b0\u01a1ng v\u1ecb tuy\u1ec7t v\u1eddi c\u1ee7a d\u00e2n t\u1ed9c.<\/p>\n<p><strong style=\"font-size: 15px;\">C\u1ea3m h\u1ee9ng<\/strong><br><\/p>\n<p>L\u1ea5y c\u1ea3m h\u1ee9ng t\u1eeb \u1ea9m th\u1ef1c Vi\u1ec7t Nam s\u00f4i \u0111\u1ed9ng, s\u00f4c\u00f4la c\u1ee7a ch\u00fang t\u00f4i b\u00e0y t\u1ecf s\u1ef1 t\u00f4n k\u00ednh \u0111\u1ed1i v\u1edbi h\u01b0\u01a1ng v\u1ecb v\u00e0 nguy\u00ean li\u1ec7u \u0111a d\u1ea1ng \u0111\u01b0\u1ee3c t\u00ecm th\u1ea5y tr\u00ean kh\u1eafp \u0111\u1ea5t n\u01b0\u1edbc. D\u00f9 l\u00e0 v\u1ecb cay n\u1ed3ng tinh t\u1ebf c\u1ee7a h\u1ea1t ti\u00eau \u0111en Ph\u00fa Qu\u1ed1c hay h\u01b0\u01a1ng th\u01a1m ng\u00e0o ng\u1ea1t c\u1ee7a l\u00e1 tr\u00e0 xanh \u0110\u00e0 L\u1ea1t. M\u1ed7i nguy\u00ean li\u1ec7u \u0111\u1ec1u \u0111\u01b0\u1ee3c l\u1ef1a ch\u1ecdn k\u1ef9 l\u01b0\u1ee1ng \u0111\u1ec3 t\u1ea1o n\u00ean tr\u1ea3i nghi\u1ec7m h\u01b0\u01a1ng v\u1ecb s\u00f4 c\u00f4 la \u0111\u1ed9c \u0111\u00e1o. S\u00f4c\u00f4la c\u1ee7a ch\u00fang t\u00f4i kh\u00f4ng ch\u1ec9 l\u00e0 m\u1ed9t m\u00f3n \u0111\u1ed3 ng\u1ecdt; m\u00e0 c\u00f2n l\u00e0 m\u1ed9t h\u00e0nh tr\u00ecnh \u1ea9m th\u1ef1c xuy\u00ean su\u1ed1t l\u00e3nh th\u1ed5 Vi\u1ec7t Nam th\u00f4ng qua nh\u1eefng h\u01b0\u01a1ng v\u1ecb \u0111\u1eb7c tr\u01b0ng, \u0111\u00e2y c\u00f2n l\u00e0 ni\u1ec1m t\u1ef1 h\u00e0o \u0111\u1ed1i v\u1edbi m\u1ed9t \u0111\u1ea5t n\u01b0\u1edbc c\u00f3 n\u1ec1n v\u0103n h\u00f3a v\u00e0 di s\u1ea3n phong ph\u00fa.<\/p>\n<p><strong>S\u1ee9 M\u1ec7nh<\/strong><\/p>\n<p>T\u1ea1i Pheva, s\u1ee9 m\u1ec7nh c\u1ee7a ch\u00fang t\u00f4i r\u1ea5t \u0111\u01a1n gi\u1ea3n, \u0111\u00f3 l\u00e0: m\u1ed7i vi\u00ean s\u00f4c\u00f4la l\u00e0 m\u1ed9t ni\u1ec1m vui. Ch\u00fang t\u00f4i tin r\u1eb1ng s\u00f4c\u00f4la c\u00f3 th\u1ec3 t\u1ea1o ra nh\u1eefng kho\u1ea3nh kh\u1eafc h\u1ea1nh ph\u00fac v\u00e0 k\u1ebft n\u1ed1i, cho d\u00f9 \u0111\u00f3 l\u00e0 vi\u1ec7c chia s\u1ebb m\u1ed9t h\u1ed9p s\u00f4 c\u00f4 la v\u1edbi nh\u1eefng ng\u01b0\u1eddi th\u00e2n y\u00eau hay t\u1ef1 th\u01b0\u1edfng cho m\u00ecnh m\u1ed9t gi\u00e2y ph\u00fat th\u01b0 gi\u00e3n. V\u1edbi m\u1ed7i vi\u00ean s\u00f4c\u00f4la, ch\u00fang t\u00f4i m\u1eddi b\u1ea1n tr\u1ea3i nghi\u1ec7m s\u1ef1 k\u1ef3 di\u1ec7u c\u1ee7a Pheva &#8211; m\u1ed9t th\u1ebf gi\u1edbi n\u01a1i m\u00e0 c\u1ea3m h\u1ee9ng m\u00e3nh li\u1ec7t, truy\u1ec1n th\u1ed1ng l\u00e2u \u0111\u1eddi v\u00e0 h\u01b0\u01a1ng v\u1ecb tinh t\u1ebf k\u1ebft h\u1ee3p v\u1edbi nhau \u0111\u1ec3 t\u1ea1o n\u00ean nh\u1eefng kho\u1ea3nh kh\u1eafc kh\u00f3 qu\u00ean. C\u1ea3m \u01a1n qu\u00fd kh\u00e1ch \u0111\u00e3 l\u1ef1a ch\u1ecdn Pheva.<\/p>\t\t\t\t\t\t<\/div>\n\t\t\t\t<\/div>\n\t\t\t\t\t<\/div>\n\t\t<\/div>\n\t\t\t\t\t<\/div>\n\t\t<\/section>\n\t\t\t\t<\/div>\n\t\t","protected":false},"excerpt":{"rendered":"<p>\u0110em \u0110\u1ebfn Cho B\u1ea1n Nh\u1eefng Kho\u1ea3nh Kh\u1eafc Th\u00fa V\u1ecb V\u1ec1 Pheva Pheva \u2013 Thi\u00ean \u0111\u01b0\u1eddng s\u00f4c\u00f4la t\u1ecda l\u1ea1c \u1edf trung t\u00e2m \u0111\u1ea5t n\u01b0\u1edbc Vi\u1ec7t Nam. H\u00e0nh tr\u00ecnh c\u1ee7a ch\u00fang t\u00f4i b\u1eaft \u0111\u1ea7u t\u1eeb nh\u1eefng c\u00e1nh \u0111\u1ed3ng cacao xanh t\u01b0\u01a1i c\u1ee7a B\u1ebfn Tre, n\u01a1i nh\u1eefng h\u1ea1t cacao Trinitario ngon nh\u1ea5t ph\u00e1t tri\u1ec3n d\u01b0\u1edbi \u00e1nh n\u1eafng nhi\u1ec7t [&hellip;]<\/p>\n","protected":false},"author":1,"featured_media":0,"parent":0,"menu_order":0,"comment_status":"closed","ping_status":"closed","template":"","meta":{"_acf_changed":false,"ocean_post_layout":"full-screen","ocean_both_sidebars_style":"","ocean_both_sidebars_content_width":0,"ocean_both_sidebars_sidebars_width":0,"ocean_sidebar":"","ocean_second_sidebar":"","ocean_disable_margins":"enable","ocean_add_body_class":"","ocean_shortcode_before_top_bar":"","ocean_shortcode_after_top_bar":"","ocean_shortcode_before_header":"","ocean_shortcode_after_header":"","ocean_has_shortcode":"","ocean_shortcode_after_title":"","ocean_shortcode_before_footer_widgets":"","ocean_shortcode_after_footer_widgets":"","ocean_shortcode_before_footer_bottom":"","ocean_shortcode_after_footer_bottom":"","ocean_display_top_bar":"default","ocean_display_header":"default","ocean_header_style":"","ocean_center_header_left_menu":"","ocean_custom_header_template":"","ocean_custom_logo":0,"ocean_custom_retina_logo":0,"ocean_custom_logo_max_width":0,"ocean_custom_logo_tablet_max_width":0,"ocean_custom_logo_mobile_max_width":0,"ocean_custom_logo_max_height":0,"ocean_custom_logo_tablet_max_height":0,"ocean_custom_logo_mobile_max_height":0,"ocean_header_custom_menu":"","ocean_menu_typo_font_family":"","ocean_menu_typo_font_subset":"","ocean_menu_typo_font_size":0,"ocean_menu_typo_font_size_tablet":0,"ocean_menu_typo_font_size_mobile":0,"ocean_menu_typo_font_size_unit":"px","ocean_menu_typo_font_weight":"","ocean_menu_typo_font_weight_tablet":"","ocean_menu_typo_font_weight_mobile":"","ocean_menu_typo_transform":"","ocean_menu_typo_transform_tablet":"","ocean_menu_typo_transform_mobile":"","ocean_menu_typo_line_height":0,"ocean_menu_typo_line_height_tablet":0,"ocean_menu_typo_line_height_mobile":0,"ocean_menu_typo_line_height_unit":"","ocean_menu_typo_spacing":0,"ocean_menu_typo_spacing_tablet":0,"ocean_menu_typo_spacing_mobile":0,"ocean_menu_typo_spacing_unit":"","ocean_menu_link_color":"","ocean_menu_link_color_hover":"","ocean_menu_link_color_active":"","ocean_menu_link_background":"","ocean_menu_link_hover_background":"","ocean_menu_link_active_background":"","ocean_menu_social_links_bg":"","ocean_menu_social_hover_links_bg":"","ocean_menu_social_links_color":"","ocean_menu_social_hover_links_color":"","ocean_disable_title":"default","ocean_disable_heading":"default","ocean_post_title":"","ocean_post_subheading":"","ocean_post_title_style":"","ocean_post_title_background_color":"","ocean_post_title_background":0,"ocean_post_title_bg_image_position":"","ocean_post_title_bg_image_attachment":"","ocean_post_title_bg_image_repeat":"","ocean_post_title_bg_image_size":"","ocean_post_title_height":0,"ocean_post_title_bg_overlay":0.5,"ocean_post_title_bg_overlay_color":"","ocean_disable_breadcrumbs":"default","ocean_breadcrumbs_color":"","ocean_breadcrumbs_separator_color":"","ocean_breadcrumbs_links_color":"","ocean_breadcrumbs_links_hover_color":"","ocean_display_footer_widgets":"default","ocean_display_footer_bottom":"default","ocean_custom_footer_template":"","footnotes":""},"class_list":["post-2189","page","type-page","status-publish","hentry","entry","owp-thumbs-layout-horizontal","owp-btn-normal","owp-tabs-layout-horizontal","has-no-thumbnails"],"acf":[],"jetpack_sharing_enabled":true,"_links":{"self":[{"href":"https:\/\/phevaworld.com\/vi\/wp-json\/wp\/v2\/pages\/2189","targetHints":{"allow":["GET"]}}],"collection":[{"href":"https:\/\/phevaworld.com\/vi\/wp-json\/wp\/v2\/pages"}],"about":[{"href":"https:\/\/phevaworld.com\/vi\/wp-json\/wp\/v2\/types\/page"}],"author":[{"embeddable":true,"href":"https:\/\/phevaworld.com\/vi\/wp-json\/wp\/v2\/users\/1"}],"replies":[{"embeddable":true,"href":"https:\/\/phevaworld.com\/vi\/wp-json\/wp\/v2\/comments?post=2189"}],"version-history":[{"count":4,"href":"https:\/\/phevaworld.com\/vi\/wp-json\/wp\/v2\/pages\/2189\/revisions"}],"predecessor-version":[{"id":2423,"href":"https:\/\/phevaworld.com\/vi\/wp-json\/wp\/v2\/pages\/2189\/revisions\/2423"}],"wp:attachment":[{"href":"https:\/\/phevaworld.com\/vi\/wp-json\/wp\/v2\/media?parent=2189"}],"curies":[{"name":"wp","href":"https:\/\/api.w.org\/{rel}","templated":true}]}}