{"id":2285,"date":"2024-04-09T18:44:48","date_gmt":"2024-04-09T18:44:48","guid":{"rendered":"https:\/\/phevaworld.com\/chinh-sach-bao-mat\/"},"modified":"2024-08-20T03:28:09","modified_gmt":"2024-08-20T03:28:09","slug":"chinh-sach-bao-mat","status":"publish","type":"page","link":"https:\/\/phevaworld.com\/vi\/chinh-sach-bao-mat\/","title":{"rendered":"Ch\u00ednh s\u00e1ch b\u1ea3o m\u1eadt"},"content":{"rendered":"\t\t<div data-elementor-type=\"wp-page\" data-elementor-id=\"2285\" class=\"elementor elementor-2285 elementor-1091\">\n\t\t\t\t\t\t<section class=\"elementor-section elementor-top-section elementor-element elementor-element-463156b elementor-section-boxed elementor-section-height-default elementor-section-height-default\" data-id=\"463156b\" data-element_type=\"section\">\n\t\t\t\t\t\t<div class=\"elementor-container elementor-column-gap-default\">\n\t\t\t\t\t<div class=\"elementor-column elementor-col-100 elementor-top-column elementor-element elementor-element-771007e\" data-id=\"771007e\" data-element_type=\"column\">\n\t\t\t<div class=\"elementor-widget-wrap elementor-element-populated\">\n\t\t\t\t\t\t<div class=\"elementor-element elementor-element-5258e58 elementor-widget elementor-widget-heading\" data-id=\"5258e58\" data-element_type=\"widget\" data-widget_type=\"heading.default\">\n\t\t\t\t<div class=\"elementor-widget-container\">\n\t\t\t<style>\/*! elementor - v3.21.0 - 20-05-2024 *\/\n.elementor-heading-title{padding:0;margin:0;line-height:1}.elementor-widget-heading .elementor-heading-title[class*=elementor-size-]>a{color:inherit;font-size:inherit;line-height:inherit}.elementor-widget-heading .elementor-heading-title.elementor-size-small{font-size:15px}.elementor-widget-heading .elementor-heading-title.elementor-size-medium{font-size:19px}.elementor-widget-heading .elementor-heading-title.elementor-size-large{font-size:29px}.elementor-widget-heading .elementor-heading-title.elementor-size-xl{font-size:39px}.elementor-widget-heading .elementor-heading-title.elementor-size-xxl{font-size:59px}<\/style><h2 class=\"elementor-heading-title elementor-size-default\">Ch\u00ednh s\u00e1ch b\u1ea3o m\u1eadt<\/h2>\t\t<\/div>\n\t\t\t\t<\/div>\n\t\t\t\t<div class=\"elementor-element elementor-element-2e0cab3 elementor-widget-divider--view-line elementor-widget elementor-widget-divider\" data-id=\"2e0cab3\" data-element_type=\"widget\" data-widget_type=\"divider.default\">\n\t\t\t\t<div class=\"elementor-widget-container\">\n\t\t\t<style>\/*! elementor - v3.21.0 - 20-05-2024 *\/\n.elementor-widget-divider{--divider-border-style:none;--divider-border-width:1px;--divider-color:#0c0d0e;--divider-icon-size:20px;--divider-element-spacing:10px;--divider-pattern-height:24px;--divider-pattern-size:20px;--divider-pattern-url:none;--divider-pattern-repeat:repeat-x}.elementor-widget-divider .elementor-divider{display:flex}.elementor-widget-divider .elementor-divider__text{font-size:15px;line-height:1;max-width:95%}.elementor-widget-divider .elementor-divider__element{margin:0 var(--divider-element-spacing);flex-shrink:0}.elementor-widget-divider .elementor-icon{font-size:var(--divider-icon-size)}.elementor-widget-divider .elementor-divider-separator{display:flex;margin:0;direction:ltr}.elementor-widget-divider--view-line_icon .elementor-divider-separator,.elementor-widget-divider--view-line_text .elementor-divider-separator{align-items:center}.elementor-widget-divider--view-line_icon .elementor-divider-separator:after,.elementor-widget-divider--view-line_icon .elementor-divider-separator:before,.elementor-widget-divider--view-line_text .elementor-divider-separator:after,.elementor-widget-divider--view-line_text .elementor-divider-separator:before{display:block;content:\"\";border-block-end:0;flex-grow:1;border-block-start:var(--divider-border-width) var(--divider-border-style) var(--divider-color)}.elementor-widget-divider--element-align-left .elementor-divider .elementor-divider-separator>.elementor-divider__svg:first-of-type{flex-grow:0;flex-shrink:100}.elementor-widget-divider--element-align-left .elementor-divider-separator:before{content:none}.elementor-widget-divider--element-align-left .elementor-divider__element{margin-left:0}.elementor-widget-divider--element-align-right .elementor-divider .elementor-divider-separator>.elementor-divider__svg:last-of-type{flex-grow:0;flex-shrink:100}.elementor-widget-divider--element-align-right .elementor-divider-separator:after{content:none}.elementor-widget-divider--element-align-right .elementor-divider__element{margin-right:0}.elementor-widget-divider--element-align-start .elementor-divider .elementor-divider-separator>.elementor-divider__svg:first-of-type{flex-grow:0;flex-shrink:100}.elementor-widget-divider--element-align-start .elementor-divider-separator:before{content:none}.elementor-widget-divider--element-align-start .elementor-divider__element{margin-inline-start:0}.elementor-widget-divider--element-align-end .elementor-divider .elementor-divider-separator>.elementor-divider__svg:last-of-type{flex-grow:0;flex-shrink:100}.elementor-widget-divider--element-align-end .elementor-divider-separator:after{content:none}.elementor-widget-divider--element-align-end .elementor-divider__element{margin-inline-end:0}.elementor-widget-divider:not(.elementor-widget-divider--view-line_text):not(.elementor-widget-divider--view-line_icon) .elementor-divider-separator{border-block-start:var(--divider-border-width) var(--divider-border-style) var(--divider-color)}.elementor-widget-divider--separator-type-pattern{--divider-border-style:none}.elementor-widget-divider--separator-type-pattern.elementor-widget-divider--view-line .elementor-divider-separator,.elementor-widget-divider--separator-type-pattern:not(.elementor-widget-divider--view-line) .elementor-divider-separator:after,.elementor-widget-divider--separator-type-pattern:not(.elementor-widget-divider--view-line) .elementor-divider-separator:before,.elementor-widget-divider--separator-type-pattern:not([class*=elementor-widget-divider--view]) .elementor-divider-separator{width:100%;min-height:var(--divider-pattern-height);-webkit-mask-size:var(--divider-pattern-size) 100%;mask-size:var(--divider-pattern-size) 100%;-webkit-mask-repeat:var(--divider-pattern-repeat);mask-repeat:var(--divider-pattern-repeat);background-color:var(--divider-color);-webkit-mask-image:var(--divider-pattern-url);mask-image:var(--divider-pattern-url)}.elementor-widget-divider--no-spacing{--divider-pattern-size:auto}.elementor-widget-divider--bg-round{--divider-pattern-repeat:round}.rtl .elementor-widget-divider .elementor-divider__text{direction:rtl}.e-con-inner>.elementor-widget-divider,.e-con>.elementor-widget-divider{width:var(--container-widget-width,100%);--flex-grow:var(--container-widget-flex-grow)}<\/style>\t\t<div class=\"elementor-divider\">\n\t\t\t<span class=\"elementor-divider-separator\">\n\t\t\t\t\t\t<\/span>\n\t\t<\/div>\n\t\t\t\t<\/div>\n\t\t\t\t<\/div>\n\t\t\t\t<div class=\"elementor-element elementor-element-dd1eff4 elementor-widget elementor-widget-text-editor\" data-id=\"dd1eff4\" data-element_type=\"widget\" data-widget_type=\"text-editor.default\">\n\t\t\t\t<div class=\"elementor-widget-container\">\n\t\t\t<style>\/*! elementor - v3.21.0 - 20-05-2024 *\/\n.elementor-widget-text-editor.elementor-drop-cap-view-stacked .elementor-drop-cap{background-color:#69727d;color:#fff}.elementor-widget-text-editor.elementor-drop-cap-view-framed .elementor-drop-cap{color:#69727d;border:3px solid;background-color:transparent}.elementor-widget-text-editor:not(.elementor-drop-cap-view-default) .elementor-drop-cap{margin-top:8px}.elementor-widget-text-editor:not(.elementor-drop-cap-view-default) .elementor-drop-cap-letter{width:1em;height:1em}.elementor-widget-text-editor .elementor-drop-cap{float:left;text-align:center;line-height:1;font-size:50px}.elementor-widget-text-editor .elementor-drop-cap-letter{display:inline-block}<\/style>\t\t\t\t<p><strong>1. M\u1ee5c \u0111\u00edch thu th\u1eadp th\u00f4ng tin c\u00e1 nh\u00e2n<\/strong><\/p>\n<p>M\u1ee5c \u0111\u00edch c\u1ee7a vi\u1ec7c thu th\u1eadp th\u00f4ng tin kh\u00e1ch h\u00e0ng nh\u1eb1m li\u00ean quan \u0111\u1ebfn c\u00e1c v\u1ea5n \u0111\u1ec1 nh\u01b0:<\/p>\n<ul>\n<li>H\u1ed7 tr\u1ee3 kh\u00e1ch h\u00e0ng: mua h\u00e0ng, thanh to\u00e1n, giao h\u00e0ng.<\/li>\n<li>Cung c\u1ea5p th\u00f4ng tin s\u1ea3n ph\u1ea9m, c\u00e1c d\u1ecbch v\u1ee5 v\u00e0 h\u1ed7 tr\u1ee3 theo y\u00eau c\u1ea7u c\u1ee7a kh\u00e1ch h\u00e0ng.<\/li>\n<li>G\u1eedi th\u00f4ng b\u00e1o c\u00e1c ch\u01b0\u01a1ng tr\u00ecnh, s\u1ea3n ph\u1ea9m m\u1edbi nh\u1ea5t c\u1ee7a ch\u00fang t\u00f4i.<\/li>\n<li>Gi\u1ea3i quy\u1ebft v\u1ea5n \u0111\u1ec1 ph\u00e1t sinh khi mua h\u00e0ng.<\/li>\n<\/ul>\n<p><strong>2. Ph\u1ea1m vi thu th\u1eadp th\u00f4ng tin<\/strong><\/p>\n<p>Ch\u00fang t\u00f4i thu th\u1eadp th\u00f4ng tin c\u00e1 nh\u00e2n c\u1ee7a kh\u00e1ch h\u00e0ng khi ti\u1ebfn h\u00e0ng \u0111\u1eb7t h\u00e0ng tr\u00ean website:<\/p>\n<ul>\n<li>H\u1ecd t\u00ean<\/li>\n<li>\u0110i\u0323a chi\u0309 email<\/li>\n<li>S\u1ed1 \u0111i\u1ec7n tho\u1ea1i<\/li>\n<li>\u0110\u1ecba ch\u1ec9<\/li>\n<\/ul>\n<p><strong>3. Th\u1eddi gian l\u01b0u tr\u1eef th\u00f4ng tin<\/strong><\/p>\n<p>D\u1eef li\u1ec7u c\u00e1 nh\u00e2n c\u1ee7a qu\u00fd kh\u00e1ch s\u1ebd \u0111\u01b0\u1ee3c l\u01b0u tr\u1eef cho \u0111\u1ebfn khi c\u00f3 y\u00eau c\u1ea7u h\u1ee7y b\u1ecf. C\u00f2n l\u1ea1i trong m\u1ecdi tr\u01b0\u1eddng h\u1ee3p th\u00f4ng tin c\u00e1 nh\u00e2n c\u1ee7a qu\u00fd kh\u00e1ch s\u1ebd \u0111\u01b0\u1ee3c b\u1ea3o m\u1eadt tr\u00ean m\u00e1y ch\u1ee7 c\u1ee7a phevaworld.com<\/p>\n<p><strong>4. Nh\u1eefng ng\u01b0\u1eddi ho\u1eb7c t\u1ed5 ch\u1ee9c c\u00f3 th\u1ec3 \u0111\u01b0\u1ee3c ti\u1ebfp c\u1eadn v\u1edbi th\u00f4ng tin \u0111\u00f3<\/strong><\/p>\n<ul>\n<li>\u0110\u1ed1i v\u1edbi c\u00e1c b\u00ean v\u1eadn chuy\u1ec3n, s\u1ebd cung c\u1ea5p c\u00e1c th\u00f4ng tin \u0111\u1ec3 ph\u1ee5c v\u1ee5 cho vi\u1ec7c giao nh\u1eadn h\u00e0ng h\u00f3a nh\u01b0 T\u00ean, \u0111\u1ecba ch\u1ec9 v\u00e0 s\u1ed1 \u0111i\u1ec7n tho\u1ea1i.<\/li>\n<li>\u0110\u1ed1i v\u1edbi nh\u00e2n vi\u00ean c\u00f4ng ty s\u1ebd c\u00f3 c\u00e1c b\u1ed9 ph\u1eadn chuy\u00ean tr\u00e1ch \u0111\u1ec3 ph\u1ee5c v\u1ee5 vi\u1ec7c ch\u0103m s\u00f3c kh\u00e1ch h\u00e0ng trong qu\u00e1 tr\u00ecnh s\u1eed d\u1ee5ng s\u1ea3n ph\u1ea9m.<\/li>\n<li>C\u00e1c ch\u01b0\u01a1ng tr\u00ecnh c\u00f3 t\u00ednh li\u00ean k\u1ebft, \u0111\u1ed3ng th\u1ef1c hi\u1ec7n, thu\u00ea ngo\u00e0i cho c\u00e1c m\u1ee5c \u0111\u00edch \u0111\u01b0\u1ee3c n\u00eau t\u1ea1i M\u1ee5c 1 v\u00e0 lu\u00f4n \u00e1p d\u1ee5ng c\u00e1c y\u00eau c\u1ea7u b\u1ea3o m\u1eadt th\u00f4ng tin c\u00e1 nh\u00e2n.<\/li>\n<li>Y\u00eau c\u1ea7u ph\u00e1p l\u00fd: Ch\u00fang t\u00f4i c\u00f3 th\u1ec3 ti\u1ebft l\u1ed9 c\u00e1c th\u00f4ng tin c\u00e1 nh\u00e2n n\u1ebfu \u0111i\u1ec1u \u0111\u00f3 do lu\u1eadt ph\u00e1p y\u00eau c\u1ea7u v\u00e0 vi\u1ec7c ti\u1ebft l\u1ed9 nh\u01b0 v\u1eady l\u00e0 c\u1ea7n thi\u1ebft m\u1ed9t c\u00e1ch h\u1ee3p l\u00fd \u0111\u1ec3 tu\u00e2n th\u1ee7 c\u00e1c quy tr\u00ecnh ph\u00e1p l\u00fd.<\/li>\n<li>Chuy\u1ec3n giao kinh doanh (n\u1ebfu c\u00f3): trong tr\u01b0\u1eddng h\u1ee3p s\u00e1p nh\u1eadp, h\u1ee3p nh\u1ea5t to\u00e0n b\u1ed9 ho\u1eb7c m\u1ed9t ph\u1ea7n v\u1edbi c\u00f4ng ty kh\u00e1c, ng\u01b0\u1eddi mua s\u1ebd c\u00f3 quy\u1ec1n truy c\u1eadp th\u00f4ng tin \u0111\u01b0\u1ee3c ch\u00fang t\u00f4i l\u01b0u tr\u1eef, duy tr\u00ec trong \u0111\u00f3 bao g\u1ed3m c\u1ea3 th\u00f4ng tin c\u00e1 nh\u00e2n.<\/li>\n<\/ul>\n<p><strong>5. \u0110\u1ecba ch\u1ec9 c\u1ee7a \u0111\u01a1n v\u1ecb thu th\u1eadp v\u00e0 qu\u1ea3n l\u00fd th\u00f4ng tin<\/strong><\/p>\n<ul>\n<li>C\u00f4ng Ty TNHH M\u1ed9t Th\u00e0nh Vi\u00ean Pheva<\/li>\n<li>\u0110\u1ecba ch\u1ec9: 10 Nguy\u1ec5n Th\u1ecb Minh Khai, Ph\u01b0\u1eddng Th\u1ea1ch Thang, Qu\u1eadn H\u1ea3i Ch\u00e2u, Th\u00e0nh ph\u1ed1 \u0110\u00e0 N\u1eb5ng, Vi\u1ec7t Nam<\/li>\n<li>Email: info@phevaworld.com<\/li>\n<li>\u0110i\u1ec7n tho\u1ea1i: 0236 3566 030<\/li>\n<\/ul>\n<p><strong>6. Ph\u01b0\u01a1ng th\u1ee9c v\u00e0 c\u00f4ng c\u1ee5 \u0111\u1ec3 ng\u01b0\u1eddi d\u00f9ng ti\u1ebfp c\u1eadn v\u00e0 ch\u1ec9nh s\u1eeda d\u1eef li\u1ec7u<\/strong><\/p>\n<p>N\u1ebfu qu\u00fd kh\u00e1ch c\u00f3 b\u1ea5t c\u1ee9 v\u1ec1 y\u00eau c\u1ea7u n\u00e0o v\u1ec1 vi\u1ec7c ti\u1ebfp c\u1eadn v\u00e0 ch\u1ec9nh s\u1eeda th\u00f4ng tin c\u00e1 nh\u00e2n \u0111\u00e3 cung c\u1ea5p, qu\u00fd kh\u00e1ch c\u00f3 th\u1ec3 g\u1eedi mail: info@phevaworld.com.<\/p>\n<p><strong>7. Cam k\u1ebft b\u1ea3o m\u1eadt th\u00f4ng tin c\u00e1 nh\u00e2n kh\u00e1ch h\u00e0ng<\/strong><\/p>\n<p>T\u1ea1i phevaworld.com, vi\u1ec7c b\u1ea3o v\u1ec7 th\u00f4ng tin c\u00e1 nh\u00e2n c\u1ee7a b\u1ea1n l\u00e0 r\u1ea5t quan tr\u1ecdng. phevaworld.com cam k\u1ebft kh\u00f4ng chia s\u1ebb, b\u00e1n ho\u1eb7c cho thu\u00ea th\u00f4ng tin c\u00e1 nh\u00e2n c\u1ee7a b\u1ea1n cho b\u1ea5t k\u1ef3 ng\u01b0\u1eddi n\u00e0o kh\u00e1c. phevaworld.com cam k\u1ebft ch\u1ec9 s\u1eed d\u1ee5ng c\u00e1c th\u00f4ng tin c\u1ee7a b\u1ea1n v\u00e0o c\u00e1c tr\u01b0\u1eddng h\u1ee3p sau:<\/p>\n<ul>\n<li>N\u00e2ng cao ch\u1ea5t l\u01b0\u1ee3ng d\u1ecbch v\u1ee5 cho kh\u00e1ch h\u00e0ng<\/li>\n<li>Gi\u1ea3i quy\u1ebft c\u00e1c tranh ch\u1ea5p, khi\u1ebfu n\u1ea1i<\/li>\n<li>Khi c\u01a1 quan ph\u00e1p lu\u1eadt c\u00f3 y\u00eau c\u1ea7u<\/li>\n<\/ul>\n<p>phevaworld.com hi\u1ec3u r\u1eb1ng quy\u1ec1n l\u1ee3i c\u1ee7a b\u1ea1n trong vi\u1ec7c b\u1ea3o v\u1ec7 th\u00f4ng tin c\u00e1 nh\u00e2n c\u0169ng ch\u00ednh l\u00e0 tr\u00e1ch nhi\u1ec7m c\u1ee7a ch\u00fang t\u00f4i n\u00ean trong b\u1ea5t k\u1ef3 tr\u01b0\u1eddng h\u1ee3p c\u00f3 th\u1eafc m\u1eafc, g\u00f3p \u00fd n\u00e0o li\u00ean quan \u0111\u1ebfn ch\u00ednh s\u00e1ch b\u1ea3o m\u1eadt c\u1ee7a phevaworld.com, v\u00e0 li\u00ean quan \u0111\u1ebfn vi\u1ec7c th\u00f4ng tin c\u00e1 nh\u00e2n b\u1ecb s\u1eed d\u1ee5ng sai m\u1ee5c \u0111\u00edch ho\u1eb7c ph\u1ea1m vi \u0111\u00e3 th\u00f4ng b\u00e1o vui l\u00f2ng li\u00ean h\u1ec7 qua email: info@phevaworld.com<\/p>\n<p><strong>8. C\u01a1 ch\u1ebf ti\u1ebfp nh\u1eadn v\u00e0 gi\u1ea3i quy\u1ebft khi\u1ebfu n\u1ea1i li\u00ean quan \u0111\u1ebfn vi\u1ec7c th\u00f4ng tin c\u00e1 nh\u00e2n<\/strong><\/p>\n<p>Khi kh\u00e1ch h\u00e0ng g\u1eedi th\u00f4ng tin c\u00e1 nh\u00e2n c\u1ee7a kh\u00e1ch h\u00e0ng cho ch\u00fang t\u00f4i, kh\u00e1ch h\u00e0ng \u0111\u00e3 \u0111\u1ed3ng \u00fd v\u1edbi c\u00e1c \u0111i\u1ec1u kho\u1ea3n m\u00e0 ch\u00fang t\u00f4i \u0111\u00e3 n\u00eau \u1edf tr\u00ean. ch\u00fang t\u00f4i cam k\u1ebft b\u1ea3o m\u1eadt th\u00f4ng tin c\u00e1 nh\u00e2n c\u1ee7a c\u00e1c kh\u00e1ch h\u00e0ng b\u1eb1ng m\u1ecdi c\u00e1ch th\u1ee9c c\u00f3 th\u1ec3. Ch\u00fang t\u00f4i s\u1eed d\u1ee5ng c\u00e1c h\u1ec7 th\u1ed1ng m\u00e3 h\u00f3a nh\u1eb1m b\u1ea3o v\u1ec7 th\u00f4ng tin n\u00e0y kh\u00f4ng b\u1ecb truy l\u1ee5c, s\u1eed d\u1ee5ng ho\u1eb7c ti\u1ebft l\u1ed9 ngo\u00e0i \u00fd mu\u1ed1n.<\/p>\n<p>Trong tr\u01b0\u1eddng h\u1ee3p c\u00f3 ph\u1ea3n \u00e1nh c\u1ee7a kh\u00e1ch h\u00e0ng v\u1ec1 vi\u1ec7c s\u1eed d\u1ee5ng th\u00f4ng tin tr\u00e1i v\u1edbi m\u1ee5c \u0111\u00edch \u0111\u00e3 n\u00eau, Ch\u00fang t\u00f4i s\u1ebd ti\u1ebfn h\u00e0nh gi\u1ea3i quy\u1ebft theo c\u00e1c b\u01b0\u1edbc sau:<\/p>\n<ul>\n<li>B\u01b0\u1edbc 1: Kh\u00e1ch h\u00e0ng g\u1eedi th\u00f4ng tin ph\u1ea3n h\u1ed3i v\u1ec1 vi\u1ec7c th\u00f4ng tin c\u00e1 nh\u00e2n thu th\u1eadp tr\u00e1i v\u1edbi m\u1ee5c \u0111\u00edch \u0111\u00e3 n\u00eau.<\/li>\n<li>B\u01b0\u1edbc 2: B\u1ed9 ph\u1eadn Ch\u0103m s\u00f3c Kh\u00e1ch h\u00e0ng ti\u1ebfp nh\u1eadn v\u00e0 gi\u1ea3i quy\u1ebft v\u1edbi c\u00e1c b\u00ean c\u00f3 li\u00ean quan<\/li>\n<li>B\u01b0\u1edbc 3: Trong tr\u01b0\u1eddng h\u1ee3p v\u01b0\u1ee3t ra kh\u1ecfi t\u1ea7m ki\u1ec3m so\u00e1t, ch\u00fang t\u00f4i s\u1ebd \u0111\u01b0a ra c\u00e1c c\u01a1 quan c\u00f3 th\u1ea9m quy\u1ec1n \u0111\u1ec3 y\u00eau c\u1ea7u gi\u1ea3i quy\u1ebft.<\/li>\n<\/ul>\n<p>Ch\u00fang t\u00f4i lu\u00f4n hoan ngh\u00eanh c\u00e1c \u00fd ki\u1ebfn \u0111\u00f3ng g\u00f3p, li\u00ean h\u1ec7 v\u00e0 ph\u1ea3n h\u1ed3i th\u00f4ng tin t\u1eeb kh\u00e1ch h\u00e0ng v\u1ec1 \u201cCh\u00ednh s\u00e1ch b\u1ea3o m\u1eadt\u201d n\u00e0y. N\u1ebfu kh\u00e1ch h\u00e0ng c\u00f3 nh\u1eefng th\u1eafc m\u1eafc li\u00ean quan xin vui l\u00f2ng li\u00ean h\u1ec7 theo \u0111\u1ecba ch\u1ec9 email: info@phevaworld.com<\/p>\t\t\t\t\t\t<\/div>\n\t\t\t\t<\/div>\n\t\t\t\t\t<\/div>\n\t\t<\/div>\n\t\t\t\t\t<\/div>\n\t\t<\/section>\n\t\t\t\t<\/div>\n\t\t","protected":false},"excerpt":{"rendered":"<p>Ch\u00ednh s\u00e1ch b\u1ea3o m\u1eadt 1. M\u1ee5c \u0111\u00edch thu th\u1eadp th\u00f4ng tin c\u00e1 nh\u00e2n M\u1ee5c \u0111\u00edch c\u1ee7a vi\u1ec7c thu th\u1eadp th\u00f4ng tin kh\u00e1ch h\u00e0ng nh\u1eb1m li\u00ean quan \u0111\u1ebfn c\u00e1c v\u1ea5n \u0111\u1ec1 nh\u01b0: H\u1ed7 tr\u1ee3 kh\u00e1ch h\u00e0ng: mua h\u00e0ng, thanh to\u00e1n, giao h\u00e0ng. Cung c\u1ea5p th\u00f4ng tin s\u1ea3n ph\u1ea9m, c\u00e1c d\u1ecbch v\u1ee5 v\u00e0 h\u1ed7 tr\u1ee3 theo y\u00eau [&hellip;]<\/p>\n","protected":false},"author":1,"featured_media":0,"parent":0,"menu_order":0,"comment_status":"closed","ping_status":"closed","template":"","meta":{"_acf_changed":false,"ocean_post_layout":"full-screen","ocean_both_sidebars_style":"","ocean_both_sidebars_content_width":0,"ocean_both_sidebars_sidebars_width":0,"ocean_sidebar":"","ocean_second_sidebar":"","ocean_disable_margins":"enable","ocean_add_body_class":"","ocean_shortcode_before_top_bar":"","ocean_shortcode_after_top_bar":"","ocean_shortcode_before_header":"","ocean_shortcode_after_header":"","ocean_has_shortcode":"","ocean_shortcode_after_title":"","ocean_shortcode_before_footer_widgets":"","ocean_shortcode_after_footer_widgets":"","ocean_shortcode_before_footer_bottom":"","ocean_shortcode_after_footer_bottom":"","ocean_display_top_bar":"default","ocean_display_header":"default","ocean_header_style":"","ocean_center_header_left_menu":"","ocean_custom_header_template":"","ocean_custom_logo":0,"ocean_custom_retina_logo":0,"ocean_custom_logo_max_width":0,"ocean_custom_logo_tablet_max_width":0,"ocean_custom_logo_mobile_max_width":0,"ocean_custom_logo_max_height":0,"ocean_custom_logo_tablet_max_height":0,"ocean_custom_logo_mobile_max_height":0,"ocean_header_custom_menu":"","ocean_menu_typo_font_family":"","ocean_menu_typo_font_subset":"","ocean_menu_typo_font_size":0,"ocean_menu_typo_font_size_tablet":0,"ocean_menu_typo_font_size_mobile":0,"ocean_menu_typo_font_size_unit":"px","ocean_menu_typo_font_weight":"","ocean_menu_typo_font_weight_tablet":"","ocean_menu_typo_font_weight_mobile":"","ocean_menu_typo_transform":"","ocean_menu_typo_transform_tablet":"","ocean_menu_typo_transform_mobile":"","ocean_menu_typo_line_height":0,"ocean_menu_typo_line_height_tablet":0,"ocean_menu_typo_line_height_mobile":0,"ocean_menu_typo_line_height_unit":"","ocean_menu_typo_spacing":0,"ocean_menu_typo_spacing_tablet":0,"ocean_menu_typo_spacing_mobile":0,"ocean_menu_typo_spacing_unit":"","ocean_menu_link_color":"","ocean_menu_link_color_hover":"","ocean_menu_link_color_active":"","ocean_menu_link_background":"","ocean_menu_link_hover_background":"","ocean_menu_link_active_background":"","ocean_menu_social_links_bg":"","ocean_menu_social_hover_links_bg":"","ocean_menu_social_links_color":"","ocean_menu_social_hover_links_color":"","ocean_disable_title":"default","ocean_disable_heading":"default","ocean_post_title":"","ocean_post_subheading":"","ocean_post_title_style":"","ocean_post_title_background_color":"","ocean_post_title_background":0,"ocean_post_title_bg_image_position":"","ocean_post_title_bg_image_attachment":"","ocean_post_title_bg_image_repeat":"","ocean_post_title_bg_image_size":"","ocean_post_title_height":0,"ocean_post_title_bg_overlay":0.5,"ocean_post_title_bg_overlay_color":"","ocean_disable_breadcrumbs":"default","ocean_breadcrumbs_color":"","ocean_breadcrumbs_separator_color":"","ocean_breadcrumbs_links_color":"","ocean_breadcrumbs_links_hover_color":"","ocean_display_footer_widgets":"default","ocean_display_footer_bottom":"default","ocean_custom_footer_template":"","footnotes":""},"class_list":["post-2285","page","type-page","status-publish","hentry","entry","owp-thumbs-layout-horizontal","owp-btn-normal","owp-tabs-layout-horizontal","has-no-thumbnails"],"acf":[],"jetpack_sharing_enabled":true,"_links":{"self":[{"href":"https:\/\/phevaworld.com\/vi\/wp-json\/wp\/v2\/pages\/2285","targetHints":{"allow":["GET"]}}],"collection":[{"href":"https:\/\/phevaworld.com\/vi\/wp-json\/wp\/v2\/pages"}],"about":[{"href":"https:\/\/phevaworld.com\/vi\/wp-json\/wp\/v2\/types\/page"}],"author":[{"embeddable":true,"href":"https:\/\/phevaworld.com\/vi\/wp-json\/wp\/v2\/users\/1"}],"replies":[{"embeddable":true,"href":"https:\/\/phevaworld.com\/vi\/wp-json\/wp\/v2\/comments?post=2285"}],"version-history":[{"count":5,"href":"https:\/\/phevaworld.com\/vi\/wp-json\/wp\/v2\/pages\/2285\/revisions"}],"predecessor-version":[{"id":2335,"href":"https:\/\/phevaworld.com\/vi\/wp-json\/wp\/v2\/pages\/2285\/revisions\/2335"}],"wp:attachment":[{"href":"https:\/\/phevaworld.com\/vi\/wp-json\/wp\/v2\/media?parent=2285"}],"curies":[{"name":"wp","href":"https:\/\/api.w.org\/{rel}","templated":true}]}}