{"id":2333,"date":"2024-05-24T10:06:02","date_gmt":"2024-05-24T10:06:02","guid":{"rendered":"https:\/\/phevaworld.com\/dieu-kien-va-dieu-khoan-su-dung\/"},"modified":"2024-08-20T03:27:17","modified_gmt":"2024-08-20T03:27:17","slug":"dieu-kien-va-dieu-khoan-su-dung","status":"publish","type":"page","link":"https:\/\/phevaworld.com\/vi\/dieu-kien-va-dieu-khoan-su-dung\/","title":{"rendered":"\u0110i\u1ec1u ki\u1ec7n v\u00e0 \u0111i\u1ec1u kho\u1ea3n s\u1eed d\u1ee5ng"},"content":{"rendered":"\t\t<div data-elementor-type=\"wp-page\" data-elementor-id=\"2333\" class=\"elementor elementor-2333 elementor-2319\">\n\t\t\t\t\t\t<section class=\"elementor-section elementor-top-section elementor-element elementor-element-463156b elementor-section-boxed elementor-section-height-default elementor-section-height-default\" data-id=\"463156b\" data-element_type=\"section\">\n\t\t\t\t\t\t<div class=\"elementor-container elementor-column-gap-default\">\n\t\t\t\t\t<div class=\"elementor-column elementor-col-100 elementor-top-column elementor-element elementor-element-771007e\" data-id=\"771007e\" data-element_type=\"column\">\n\t\t\t<div class=\"elementor-widget-wrap elementor-element-populated\">\n\t\t\t\t\t\t<div class=\"elementor-element elementor-element-5258e58 elementor-widget elementor-widget-heading\" data-id=\"5258e58\" data-element_type=\"widget\" data-widget_type=\"heading.default\">\n\t\t\t\t<div class=\"elementor-widget-container\">\n\t\t\t<style>\/*! elementor - v3.21.0 - 20-05-2024 *\/\n.elementor-heading-title{padding:0;margin:0;line-height:1}.elementor-widget-heading .elementor-heading-title[class*=elementor-size-]>a{color:inherit;font-size:inherit;line-height:inherit}.elementor-widget-heading .elementor-heading-title.elementor-size-small{font-size:15px}.elementor-widget-heading .elementor-heading-title.elementor-size-medium{font-size:19px}.elementor-widget-heading .elementor-heading-title.elementor-size-large{font-size:29px}.elementor-widget-heading .elementor-heading-title.elementor-size-xl{font-size:39px}.elementor-widget-heading .elementor-heading-title.elementor-size-xxl{font-size:59px}<\/style><h2 class=\"elementor-heading-title elementor-size-default\">\u0110i\u1ec1u ki\u1ec7n v\u00e0 \u0111i\u1ec1u kho\u1ea3n s\u1eed d\u1ee5ng<\/h2>\t\t<\/div>\n\t\t\t\t<\/div>\n\t\t\t\t<div class=\"elementor-element elementor-element-2e0cab3 elementor-widget-divider--view-line elementor-widget elementor-widget-divider\" data-id=\"2e0cab3\" data-element_type=\"widget\" data-widget_type=\"divider.default\">\n\t\t\t\t<div class=\"elementor-widget-container\">\n\t\t\t<style>\/*! elementor - v3.21.0 - 20-05-2024 *\/\n.elementor-widget-divider{--divider-border-style:none;--divider-border-width:1px;--divider-color:#0c0d0e;--divider-icon-size:20px;--divider-element-spacing:10px;--divider-pattern-height:24px;--divider-pattern-size:20px;--divider-pattern-url:none;--divider-pattern-repeat:repeat-x}.elementor-widget-divider .elementor-divider{display:flex}.elementor-widget-divider .elementor-divider__text{font-size:15px;line-height:1;max-width:95%}.elementor-widget-divider .elementor-divider__element{margin:0 var(--divider-element-spacing);flex-shrink:0}.elementor-widget-divider .elementor-icon{font-size:var(--divider-icon-size)}.elementor-widget-divider .elementor-divider-separator{display:flex;margin:0;direction:ltr}.elementor-widget-divider--view-line_icon .elementor-divider-separator,.elementor-widget-divider--view-line_text .elementor-divider-separator{align-items:center}.elementor-widget-divider--view-line_icon .elementor-divider-separator:after,.elementor-widget-divider--view-line_icon .elementor-divider-separator:before,.elementor-widget-divider--view-line_text .elementor-divider-separator:after,.elementor-widget-divider--view-line_text .elementor-divider-separator:before{display:block;content:\"\";border-block-end:0;flex-grow:1;border-block-start:var(--divider-border-width) var(--divider-border-style) var(--divider-color)}.elementor-widget-divider--element-align-left .elementor-divider .elementor-divider-separator>.elementor-divider__svg:first-of-type{flex-grow:0;flex-shrink:100}.elementor-widget-divider--element-align-left .elementor-divider-separator:before{content:none}.elementor-widget-divider--element-align-left .elementor-divider__element{margin-left:0}.elementor-widget-divider--element-align-right .elementor-divider .elementor-divider-separator>.elementor-divider__svg:last-of-type{flex-grow:0;flex-shrink:100}.elementor-widget-divider--element-align-right .elementor-divider-separator:after{content:none}.elementor-widget-divider--element-align-right .elementor-divider__element{margin-right:0}.elementor-widget-divider--element-align-start .elementor-divider .elementor-divider-separator>.elementor-divider__svg:first-of-type{flex-grow:0;flex-shrink:100}.elementor-widget-divider--element-align-start .elementor-divider-separator:before{content:none}.elementor-widget-divider--element-align-start .elementor-divider__element{margin-inline-start:0}.elementor-widget-divider--element-align-end .elementor-divider .elementor-divider-separator>.elementor-divider__svg:last-of-type{flex-grow:0;flex-shrink:100}.elementor-widget-divider--element-align-end .elementor-divider-separator:after{content:none}.elementor-widget-divider--element-align-end .elementor-divider__element{margin-inline-end:0}.elementor-widget-divider:not(.elementor-widget-divider--view-line_text):not(.elementor-widget-divider--view-line_icon) .elementor-divider-separator{border-block-start:var(--divider-border-width) var(--divider-border-style) var(--divider-color)}.elementor-widget-divider--separator-type-pattern{--divider-border-style:none}.elementor-widget-divider--separator-type-pattern.elementor-widget-divider--view-line .elementor-divider-separator,.elementor-widget-divider--separator-type-pattern:not(.elementor-widget-divider--view-line) .elementor-divider-separator:after,.elementor-widget-divider--separator-type-pattern:not(.elementor-widget-divider--view-line) .elementor-divider-separator:before,.elementor-widget-divider--separator-type-pattern:not([class*=elementor-widget-divider--view]) .elementor-divider-separator{width:100%;min-height:var(--divider-pattern-height);-webkit-mask-size:var(--divider-pattern-size) 100%;mask-size:var(--divider-pattern-size) 100%;-webkit-mask-repeat:var(--divider-pattern-repeat);mask-repeat:var(--divider-pattern-repeat);background-color:var(--divider-color);-webkit-mask-image:var(--divider-pattern-url);mask-image:var(--divider-pattern-url)}.elementor-widget-divider--no-spacing{--divider-pattern-size:auto}.elementor-widget-divider--bg-round{--divider-pattern-repeat:round}.rtl .elementor-widget-divider .elementor-divider__text{direction:rtl}.e-con-inner>.elementor-widget-divider,.e-con>.elementor-widget-divider{width:var(--container-widget-width,100%);--flex-grow:var(--container-widget-flex-grow)}<\/style>\t\t<div class=\"elementor-divider\">\n\t\t\t<span class=\"elementor-divider-separator\">\n\t\t\t\t\t\t<\/span>\n\t\t<\/div>\n\t\t\t\t<\/div>\n\t\t\t\t<\/div>\n\t\t\t\t<div class=\"elementor-element elementor-element-dd1eff4 elementor-widget elementor-widget-text-editor\" data-id=\"dd1eff4\" data-element_type=\"widget\" data-widget_type=\"text-editor.default\">\n\t\t\t\t<div class=\"elementor-widget-container\">\n\t\t\t<style>\/*! elementor - v3.21.0 - 20-05-2024 *\/\n.elementor-widget-text-editor.elementor-drop-cap-view-stacked .elementor-drop-cap{background-color:#69727d;color:#fff}.elementor-widget-text-editor.elementor-drop-cap-view-framed .elementor-drop-cap{color:#69727d;border:3px solid;background-color:transparent}.elementor-widget-text-editor:not(.elementor-drop-cap-view-default) .elementor-drop-cap{margin-top:8px}.elementor-widget-text-editor:not(.elementor-drop-cap-view-default) .elementor-drop-cap-letter{width:1em;height:1em}.elementor-widget-text-editor .elementor-drop-cap{float:left;text-align:center;line-height:1;font-size:50px}.elementor-widget-text-editor .elementor-drop-cap-letter{display:inline-block}<\/style>\t\t\t\t<p><span style=\"font-size: 15px;\">Khi qu\u00fd kh\u00e1ch h\u00e0ng truy c\u1eadp v\u00e0o trang website c\u1ee7a ch\u00fang t\u00f4i c\u00f3 ngh\u0129a l\u00e0 qu\u00fd kh\u00e1ch \u0111\u1ed3ng \u00fd v\u1edbi c\u00e1c \u0111i\u1ec1u kho\u1ea3n n\u00e0y. Trang web c\u00f3 quy\u1ec1n thay \u0111\u1ed5i, ch\u1ec9nh s\u1eeda, th\u00eam ho\u1eb7c l\u01b0\u1ee3c b\u1ecf b\u1ea5t k\u1ef3 ph\u1ea7n n\u00e0o trong \u0110i\u1ec1u kho\u1ea3n mua b\u00e1n h\u00e0ng h\u00f3a n\u00e0y, v\u00e0o b\u1ea5t c\u1ee9 l\u00fac n\u00e0o. C\u00e1c thay \u0111\u1ed5i c\u00f3 hi\u1ec7u l\u1ef1c ngay khi \u0111\u01b0\u1ee3c \u0111\u0103ng tr\u00ean trang web m\u00e0 kh\u00f4ng c\u1ea7n th\u00f4ng b\u00e1o tr\u01b0\u1edbc. Qu\u00fd kh\u00e1ch h\u00e0ng vui l\u00f2ng ki\u1ec3m tra th\u01b0\u1eddng xuy\u00ean \u0111\u1ec3 c\u1eadp nh\u1eadt nh\u1eefng thay \u0111\u1ed5i c\u1ee7a ch\u00fang t\u00f4i. Qu\u00fd kh\u00e1ch h\u00e0ng vui l\u00f2ng ki\u1ec3m tra th\u01b0\u1eddng xuy\u00ean \u0111\u1ec3 c\u1eadp nh\u1eadt nh\u1eefng thay \u0111\u1ed5i c\u1ee7a ch\u00fang t\u00f4i.&nbsp;<\/span><br><\/p>\n<p><b>Tr\u00e1ch nhi\u1ec7m c\u1ee7a ng\u01b0\u1eddi s\u1eed d\u1ee5ng<\/b><\/p>\n<p>Khi v\u00e0o web c\u1ee7a ch\u00fang t\u00f4i, kh\u00e1ch h\u00e0ng ph\u1ea3i \u0111\u1ea3m b\u1ea3o \u0111\u1ee7 18 tu\u1ed5i, ho\u1eb7c truy c\u1eadp d\u01b0\u1edbi s\u1ef1 gi\u00e1m s\u00e1t c\u1ee7a cha m\u1eb9 hay ng\u01b0\u1eddi gi\u00e1m h\u1ed9 h\u1ee3p ph\u00e1p. Kh\u00e1ch h\u00e0ng \u0111\u1ea3m b\u1ea3o c\u00f3 \u0111\u1ea7y \u0111\u1ee7 h\u00e0nh vi d\u00e2n s\u1ef1 \u0111\u1ec3 th\u1ef1c hi\u1ec7n c\u00e1c giao d\u1ecbch mua b\u00e1n h\u00e0ng h\u00f3a theo quy \u0111\u1ecbnh hi\u1ec7n h\u00e0nh c\u1ee7a ph\u00e1p lu\u1eadt Vi\u1ec7t Nam.&nbsp;<\/p>\n<p>Kh\u00e1ch h\u00e0ng kh\u00f4ng \u0111\u01b0\u1ee3c ph\u00e9p s\u1eed d\u1ee5ng b\u1ea5t k\u00ec ch\u01b0\u01a1ng tr\u00ecnh hay c\u00f4ng c\u1ee5 n\u00e0o nh\u1eb1m m\u1ee5c \u0111\u00edch khai th\u00e1c, thay \u0111\u1ed5i d\u1eef li\u1ec7u b\u1ea5t h\u1ee3p ph\u00e1p tr\u00ean h\u1ec7 th\u1ed1ng phevaworld.com. M\u1ecdi h\u00e0nh vi c\u1ed1 t\u00ecnh x\u00e2m ph\u1ea1m, t\u00f9y theo t\u00ednh ch\u1ea5t s\u1ef1 vi\u1ec7c, ch\u00fang t\u00f4i c\u00f3 quy\u1ec1n kh\u1edfi t\u1ed1 v\u1edbi c\u00e1c c\u01a1 quan c\u00f3 th\u1ea9m quy\u1ec1n theo quy \u0111\u1ecbnh ph\u00e1p lu\u1eadt hi\u1ec7n h\u00e0nh.&nbsp;<\/p>\n<p>Kh\u00f4ng \u0111\u01b0\u1ee3c g\u1edfi \u0111\u01b0\u1eddng d\u1eabn c\u1ee7a c\u00e1c website kh\u00e1c l\u00ean website phevaworld.com. T\u00f9y theo m\u1ee9c \u0111\u1ed9 vi ph\u1ea1m, ban qu\u1ea3n l\u00fd&nbsp;<span style=\"font-family: Montserrat, sans-serif; font-size: 15px; font-style: normal; font-variant-ligatures: normal; font-variant-caps: normal; font-weight: 400;\">C\u00f4ng Ty TNHH M\u1ed9t Th\u00e0nh Vi\u00ean<\/span> &nbsp;Pheva s\u1ebd ti\u1ebfn h\u00e0nh x\u00f3a b\u1ecf n\u1ed9i dung ho\u1eb7c ch\u1eb7n (block) nh\u1eefng n\u1ed9i dung v\u00e0 th\u00e0nh vi\u00ean \u0111\u01b0a n\u1ed9i dung \u0111\u00f3 tr\u00ean trang phevaworld.com.&nbsp;<\/p>\n<p><b>B\u1ea3n quy\u1ec1n<\/b><\/p>\n<p><span style=\"font-family: Montserrat, sans-serif; font-size: 15px; font-style: normal; font-variant-ligatures: normal; font-variant-caps: normal; font-weight: 400;\">C\u00f4ng Ty TNHH M\u1ed9t Th\u00e0nh Vi\u00ean Pheva<\/span> &nbsp;l\u00e0 ch\u1ee7 s\u1edf h\u1eefu c\u1ee7a trang web n\u00e0y. Vi\u1ec7c ch\u1ec9nh s\u1eeda trang web, c\u1eadp nh\u1eadt v\u00e0 thay \u0111\u1ed5i n\u1ed9i dung, h\u00ecnh th\u1ee9c trang web thu\u1ed9c th\u1ea9m quy\u1ec1n c\u1ee7a C\u00f4ng Ty TNHH M\u1ed9t Th\u00e0nh Vi\u00ean Pheva. B\u00e2\u0301t ky\u0300 ch\u1ec9nh s\u1eeda, thay \u0111\u1ed5i, ph\u00e2n ph\u1ed1i ho\u1eb7c t\u00e1i s\u1eed d\u1ee5ng nh\u1eefng n\u1ed9i dung trong trang n\u00e0y v\u00ec b\u1ea5t k\u1ef3 m\u1ee5c \u0111\u00edch n\u00e0o ma\u0300 kh\u00f4ng \u0111\u01b0\u01a1\u0323c s\u01b0\u0323 \u0111\u00f4\u0300ng y\u0301 cu\u0309a&nbsp;<span style=\"font-family: Montserrat, sans-serif; font-size: 15px; font-style: normal; font-variant-ligatures: normal; font-variant-caps: normal; font-weight: 400;\">C\u00f4ng Ty TNHH M\u1ed9t Th\u00e0nh Vi\u00ean Pheva<\/span> &nbsp;\u0111\u1ec1u \u0111\u01b0\u1ee3c xem la\u0300 ha\u0300nh vi vi ph\u1ea1m quy\u1ec1n l\u1ee3i h\u1ee3p ph\u00e1p c\u1ee7a C\u00f4ng Ty TNHH M\u1ed9t Th\u00e0nh Vi\u00ean Pheva.&nbsp;<\/p>\n<p><b>T\u1eeb ch\u1ed1i tr\u00e1ch nhi\u1ec7m<\/b><\/p>\n<p>C\u00e1c th\u00f4ng tin, ph\u1ea7n m\u1ec1m, s\u1ea3n ph\u1ea9m v\u00e0 d\u1ecbch v\u1ee5 bao g\u1ed3m trong ho\u1eb7c c\u00f3 s\u1eb5n th\u00f4ng qua c\u00e1c trang web c\u00f3 th\u1ec3 bao g\u1ed3m s\u1ef1 thi\u1ebfu ch\u00ednh x\u00e1c ho\u1eb7c l\u1ed7i \u0111\u00e1nh m\u00e1y. Thay \u0111\u1ed5i \u0111\u01b0\u1ee3c \u0111\u1ecbnh k\u1ef3 th\u00eam v\u00e0o nh\u1eefng th\u00f4ng tin trong t\u00e0i li\u1ec7u n\u00e0y. C\u00f4ng Ty TNHH M\u1ed9t Th\u00e0nh Vi\u00ean Pheva v\u00e0\/ho\u1eb7c c\u00e1c nh\u00e0 cung c\u1ea5p c\u1ee7a n\u00f3 c\u00f3 th\u1ec3 c\u1ea3i ti\u1ebfn v\u00e0\/ho\u1eb7c thay \u0111\u1ed5i trang web b\u1ea5t k\u1ef3 l\u00fac n\u00e0o. C\u00f4ng Ty TNHH M\u1ed9t Th\u00e0nh Vi\u00ean Pheva v\u00e0\/ho\u1eb7c c\u00e1c nh\u00e0 cung c\u1ea5p c\u1ee7a n\u00f3 kh\u00f4ng \u0111\u01b0a ra tuy\u00ean b\u1ed1 n\u00e0o v\u1ec1 t\u00ednh ph\u00f9 h\u1ee3p, \u0111\u1ed9 tin c\u1eady, t\u00ednh s\u1eb5n c\u00f3, k\u1ecbp th\u1eddi v\u00e0 ch\u00ednh x\u00e1c c\u1ee7a th\u00f4ng tin, ph\u1ea7n m\u1ec1m, s\u1ea3n ph\u1ea9m, d\u1ecbch v\u1ee5 v\u00e0 \u0111\u1ed3 h\u1ecda li\u00ean quan c\u00f3 tr\u00ean trang web cho b\u1ea5t k\u1ef3 m\u1ee5c \u0111\u00edch n\u00e0o. Trong ph\u1ea1m vi t\u1ed1i \u0111a \u0111\u01b0\u1ee3c ph\u00e1p lu\u1eadt hi\u1ec7n h\u00e0nh cho ph\u00e9p, t\u1ea5t c\u1ea3 th\u00f4ng tin, ph\u1ea7n m\u1ec1m, s\u1ea3n ph\u1ea9m, d\u1ecbch v\u1ee5 v\u00e0 \u0111\u1ed3 h\u1ecda li\u00ean quan \u0111\u1ec1u \u0111\u01b0\u1ee3c cung c\u1ea5p \u201cnguy\u00ean tr\u1ea1ng\u201d m\u00e0 kh\u00f4ng c\u00f3 b\u1ea5t k\u1ef3 h\u00ecnh th\u1ee9c b\u1ea3o h\u00e0nh ho\u1eb7c \u0111i\u1ec1u ki\u1ec7n n\u00e0o. C\u00f4ng Ty TNHH M\u1ed9t Th\u00e0nh Vi\u00ean Pheva v\u00e0\/ho\u1eb7c c\u00e1c nh\u00e0 cung c\u1ea5p c\u1ee7a n\u00f3 t\u1eeb ch\u1ed1i m\u1ecdi b\u1ea3o \u0111\u1ea3m v\u00e0 \u0111i\u1ec1u ki\u1ec7n li\u00ean quan \u0111\u1ebfn th\u00f4ng tin, ph\u1ea7n m\u1ec1m, s\u1ea3n ph\u1ea9m, d\u1ecbch v\u1ee5 v\u00e0 \u0111\u1ed3 h\u1ecda li\u00ean quan n\u00e0y, bao g\u1ed3m t\u1ea5t c\u1ea3 c\u00e1c b\u1ea3o \u0111\u1ea3m ng\u1ee5 \u00fd ho\u1eb7c \u0111i\u1ec1u ki\u1ec7n v\u1ec1 kh\u1ea3 n\u0103ng b\u00e1n \u0111\u01b0\u1ee3c, s\u1ef1 ph\u00f9 h\u1ee3p cho m\u1ed9t m\u1ee5c \u0111\u00edch c\u1ee5 th\u1ec3, quy\u1ec1n s\u1edf h\u1eefu v\u00e0 kh\u00f4ng s\u1ef1 vi ph\u1ea1m. Trong ph\u1ea1m vi t\u1ed1i \u0111a \u0111\u01b0\u1ee3c ph\u00e1p lu\u1eadt hi\u1ec7n h\u00e0nh cho ph\u00e9p, trong m\u1ecdi tr\u01b0\u1eddng h\u1ee3p s\u1ebd kh\u00f4ng&nbsp;<span style=\"font-family: Montserrat, sans-serif; font-size: 15px; font-style: normal; font-variant-ligatures: normal; font-variant-caps: normal; font-weight: 400;\">C\u00f4ng ty TNHH M\u1ed9t Th\u00e0nh Vi\u00ean Pheva<\/span>&nbsp;v\u00e0\/ho\u1eb7c c\u00e1c nh\u00e0 cung c\u1ea5p c\u1ee7a n\u00f3 ph\u1ea3i ch\u1ecbu tr\u00e1ch nhi\u1ec7m ph\u00e1p l\u00fd v\u1ec1 m\u1ecdi thi\u1ec7t h\u1ea1i tr\u1ef1c ti\u1ebfp, gi\u00e1n ti\u1ebfp, mang t\u00ednh tr\u1eebng ph\u1ea1t, ng\u1eabu nhi\u00ean, \u0111\u1eb7c bi\u1ec7t, do h\u1eadu qu\u1ea3 ho\u1eb7c b\u1ea5t k\u1ef3 thi\u1ec7t h\u1ea1i n\u00e0o bao g\u1ed3m nh\u01b0ng kh\u00f4ng gi\u1edbi h\u1ea1n \u1edf c\u00e1c thi\u1ec7t h\u1ea1i do m\u1ea5t quy\u1ec1n s\u1eed d\u1ee5ng, d\u1eef li\u1ec7u ho\u1eb7c l\u1ee3i nhu\u1eadn, ph\u00e1t sinh t\u1eeb ho\u1eb7c trong b\u1ea5t k\u1ef3 c\u00e1ch n\u00e0o li\u00ean quan \u0111\u1ebfn vi\u1ec7c s\u1eed d\u1ee5ng ho\u1eb7c hi\u1ec7u su\u1ea5t c\u1ee7a trang web, v\u1edbi s\u1ef1 ch\u1eadm tr\u1ec5 ho\u1eb7c kh\u00f4ng th\u1ec3 s\u1eed d\u1ee5ng trang web ho\u1eb7c c\u00e1c d\u1ecbch v\u1ee5 li\u00ean quan, vi\u1ec7c cung c\u1ea5p ho\u1eb7c kh\u00f4ng cung c\u1ea5p d\u1ecbch v\u1ee5 ho\u1eb7c \u0111\u1ed1i v\u1edbi b\u1ea5t k\u1ef3 th\u00f4ng tin, ph\u1ea7n m\u1ec1m, s\u1ea3n ph\u1ea9m, d\u1ecbch v\u1ee5 v\u00e0 \u0111\u1ed3 h\u1ecda li\u00ean quan n\u00e0o c\u00f3 \u0111\u01b0\u1ee3c th\u00f4ng qua Trang web. trang web, ho\u1eb7c ph\u00e1t sinh t\u1eeb vi\u1ec7c s\u1eed d\u1ee5ng trang web, cho d\u00f9 d\u1ef1a tr\u00ean h\u1ee3p \u0111\u1ed3ng, sai l\u1ea7m, s\u01a1 su\u1ea5t, tr\u00e1ch nhi\u1ec7m ph\u00e1p l\u00fd nghi\u00eam ng\u1eb7t ho\u1eb7c c\u00e1ch kh\u00e1c, ngay c\u1ea3 khi C\u00f4ng Ty TNHH M\u1ed9t Th\u00e0nh Vi\u00ean Pheva ho\u1eb7c b\u1ea5t k\u1ef3 nh\u00e0 cung c\u1ea5p n\u00e0o c\u1ee7a n\u00f3 \u0111\u00e3 \u0111\u01b0\u1ee3c th\u00f4ng b\u00e1o v\u1ec1 kh\u1ea3 n\u0103ng thi\u1ec7t h\u1ea1i. N\u1ebfu b\u1ea1n kh\u00f4ng h\u00e0i l\u00f2ng v\u1edbi b\u1ea5t k\u1ef3 ph\u1ea7n n\u00e0o c\u1ee7a trang web, ho\u1eb7c v\u1edbi b\u1ea5t k\u1ef3 c\u00e1c \u0111i\u1ec1u kho\u1ea3n s\u1eed d\u1ee5ng, bi\u1ec7n ph\u00e1p kh\u1eafc ph\u1ee5c duy nh\u1ea5t v\u00e0 \u0111\u1ed9c quy\u1ec1n l\u00e0 ng\u01b0ng s\u1eed d\u1ee5ng trang web<\/p>\n<p><b>Vi\u1ec7c s\u1eed d\u1ee5ng th\u00f4ng tin<\/b><\/p>\n<p>T\u1ea5t c\u1ea3 c\u00e1c th\u00f4ng tin kh\u00e1ch h\u00e0ng cung c\u1ea5p v\u00e0 n\u1ed9i dung giao d\u1ecbch \u0111\u1ec1u \u0111\u01b0\u1ee3c phevaworld.com l\u01b0u gi\u1eef b\u1ea3o m\u1eadt tuy\u1ec7t \u0111\u1ed1i tr\u00ean h\u1ec7 th\u1ed1ng. phevaworld.com cam \u0111oan s\u1ebd kh\u00f4ng b\u00e1n ho\u1eb7c chia s\u1ebb d\u1eabn \u0111\u1ebfn l\u00e0m l\u1ed9 th\u00f4ng tin c\u00e1 nh\u00e2n c\u1ee7a b\u1ea1n, kh\u00f4ng v\u00ec nh\u1eefng m\u1ee5c \u0111\u00edch th\u01b0\u01a1ng m\u1ea1i m\u00e0 vi ph\u1ea1m cam k\u1ebft c\u1ee7a ch\u00fang t\u00f4i ghi trong ch\u00ednh s\u00e1ch b\u1ea3o m\u1eadt n\u00e0ys.<\/p>\n<p><b>Vi\u1ec7c thay \u0111\u1ed5i n\u1ed9i dung<\/b><\/p>\n<p>phevaworld.com gi\u1eef quy\u1ec1n thay \u0111\u1ed5i, ch\u1ec9nh s\u1eeda v\u00e0 lo\u1ea1i b\u1ecf nh\u1eefng th\u00f4ng tin tr\u00ean trang web na\u0300y v\u00e0o b\u1ea5t k\u1ef3 th\u1eddi \u0111i\u1ec3m n\u00e0o v\u00ec b\u1ea5t k\u1ef3 l\u00fd do n\u00e0o.<\/p>\n<div><br><\/div>\t\t\t\t\t\t<\/div>\n\t\t\t\t<\/div>\n\t\t\t\t\t<\/div>\n\t\t<\/div>\n\t\t\t\t\t<\/div>\n\t\t<\/section>\n\t\t\t\t<\/div>\n\t\t","protected":false},"excerpt":{"rendered":"<p>\u0110i\u1ec1u ki\u1ec7n v\u00e0 \u0111i\u1ec1u kho\u1ea3n s\u1eed d\u1ee5ng Khi qu\u00fd kh\u00e1ch h\u00e0ng truy c\u1eadp v\u00e0o trang website c\u1ee7a ch\u00fang t\u00f4i c\u00f3 ngh\u0129a l\u00e0 qu\u00fd kh\u00e1ch \u0111\u1ed3ng \u00fd v\u1edbi c\u00e1c \u0111i\u1ec1u kho\u1ea3n n\u00e0y. Trang web c\u00f3 quy\u1ec1n thay \u0111\u1ed5i, ch\u1ec9nh s\u1eeda, th\u00eam ho\u1eb7c l\u01b0\u1ee3c b\u1ecf b\u1ea5t k\u1ef3 ph\u1ea7n n\u00e0o trong \u0110i\u1ec1u kho\u1ea3n mua b\u00e1n h\u00e0ng h\u00f3a n\u00e0y, [&hellip;]<\/p>\n","protected":false},"author":1,"featured_media":0,"parent":0,"menu_order":0,"comment_status":"closed","ping_status":"closed","template":"","meta":{"_acf_changed":false,"ocean_post_layout":"full-screen","ocean_both_sidebars_style":"","ocean_both_sidebars_content_width":0,"ocean_both_sidebars_sidebars_width":0,"ocean_sidebar":"","ocean_second_sidebar":"","ocean_disable_margins":"enable","ocean_add_body_class":"","ocean_shortcode_before_top_bar":"","ocean_shortcode_after_top_bar":"","ocean_shortcode_before_header":"","ocean_shortcode_after_header":"","ocean_has_shortcode":"","ocean_shortcode_after_title":"","ocean_shortcode_before_footer_widgets":"","ocean_shortcode_after_footer_widgets":"","ocean_shortcode_before_footer_bottom":"","ocean_shortcode_after_footer_bottom":"","ocean_display_top_bar":"default","ocean_display_header":"default","ocean_header_style":"","ocean_center_header_left_menu":"","ocean_custom_header_template":"","ocean_custom_logo":0,"ocean_custom_retina_logo":0,"ocean_custom_logo_max_width":0,"ocean_custom_logo_tablet_max_width":0,"ocean_custom_logo_mobile_max_width":0,"ocean_custom_logo_max_height":0,"ocean_custom_logo_tablet_max_height":0,"ocean_custom_logo_mobile_max_height":0,"ocean_header_custom_menu":"","ocean_menu_typo_font_family":"","ocean_menu_typo_font_subset":"","ocean_menu_typo_font_size":0,"ocean_menu_typo_font_size_tablet":0,"ocean_menu_typo_font_size_mobile":0,"ocean_menu_typo_font_size_unit":"px","ocean_menu_typo_font_weight":"","ocean_menu_typo_font_weight_tablet":"","ocean_menu_typo_font_weight_mobile":"","ocean_menu_typo_transform":"","ocean_menu_typo_transform_tablet":"","ocean_menu_typo_transform_mobile":"","ocean_menu_typo_line_height":0,"ocean_menu_typo_line_height_tablet":0,"ocean_menu_typo_line_height_mobile":0,"ocean_menu_typo_line_height_unit":"","ocean_menu_typo_spacing":0,"ocean_menu_typo_spacing_tablet":0,"ocean_menu_typo_spacing_mobile":0,"ocean_menu_typo_spacing_unit":"","ocean_menu_link_color":"","ocean_menu_link_color_hover":"","ocean_menu_link_color_active":"","ocean_menu_link_background":"","ocean_menu_link_hover_background":"","ocean_menu_link_active_background":"","ocean_menu_social_links_bg":"","ocean_menu_social_hover_links_bg":"","ocean_menu_social_links_color":"","ocean_menu_social_hover_links_color":"","ocean_disable_title":"default","ocean_disable_heading":"default","ocean_post_title":"","ocean_post_subheading":"","ocean_post_title_style":"","ocean_post_title_background_color":"","ocean_post_title_background":0,"ocean_post_title_bg_image_position":"","ocean_post_title_bg_image_attachment":"","ocean_post_title_bg_image_repeat":"","ocean_post_title_bg_image_size":"","ocean_post_title_height":0,"ocean_post_title_bg_overlay":0.5,"ocean_post_title_bg_overlay_color":"","ocean_disable_breadcrumbs":"default","ocean_breadcrumbs_color":"","ocean_breadcrumbs_separator_color":"","ocean_breadcrumbs_links_color":"","ocean_breadcrumbs_links_hover_color":"","ocean_display_footer_widgets":"default","ocean_display_footer_bottom":"default","ocean_custom_footer_template":"","footnotes":""},"class_list":["post-2333","page","type-page","status-publish","hentry","entry","owp-thumbs-layout-horizontal","owp-btn-normal","owp-tabs-layout-horizontal","has-no-thumbnails"],"acf":[],"jetpack_sharing_enabled":true,"_links":{"self":[{"href":"https:\/\/phevaworld.com\/vi\/wp-json\/wp\/v2\/pages\/2333","targetHints":{"allow":["GET"]}}],"collection":[{"href":"https:\/\/phevaworld.com\/vi\/wp-json\/wp\/v2\/pages"}],"about":[{"href":"https:\/\/phevaworld.com\/vi\/wp-json\/wp\/v2\/types\/page"}],"author":[{"embeddable":true,"href":"https:\/\/phevaworld.com\/vi\/wp-json\/wp\/v2\/users\/1"}],"replies":[{"embeddable":true,"href":"https:\/\/phevaworld.com\/vi\/wp-json\/wp\/v2\/comments?post=2333"}],"version-history":[{"count":8,"href":"https:\/\/phevaworld.com\/vi\/wp-json\/wp\/v2\/pages\/2333\/revisions"}],"predecessor-version":[{"id":2623,"href":"https:\/\/phevaworld.com\/vi\/wp-json\/wp\/v2\/pages\/2333\/revisions\/2623"}],"wp:attachment":[{"href":"https:\/\/phevaworld.com\/vi\/wp-json\/wp\/v2\/media?parent=2333"}],"curies":[{"name":"wp","href":"https:\/\/api.w.org\/{rel}","templated":true}]}}