{"id":2439,"date":"2024-03-07T07:51:55","date_gmt":"2024-03-07T07:51:55","guid":{"rendered":"https:\/\/phevaworld.com\/tu-cong-bo-san-pham\/"},"modified":"2025-03-25T07:30:17","modified_gmt":"2025-03-25T07:30:17","slug":"tu-cong-bo-san-pham","status":"publish","type":"page","link":"https:\/\/phevaworld.com\/vi\/tu-cong-bo-san-pham\/","title":{"rendered":"T\u1ef1 c\u00f4ng b\u1ed1 s\u1ea3n ph\u1ea9m"},"content":{"rendered":"\t\t<div data-elementor-type=\"wp-page\" data-elementor-id=\"2439\" class=\"elementor elementor-2439 elementor-849\">\n\t\t\t\t\t\t<section class=\"elementor-section elementor-top-section elementor-element elementor-element-2cb15bf elementor-section-boxed elementor-section-height-default elementor-section-height-default\" data-id=\"2cb15bf\" data-element_type=\"section\">\n\t\t\t\t\t\t<div class=\"elementor-container elementor-column-gap-default\">\n\t\t\t\t\t<div class=\"elementor-column elementor-col-100 elementor-top-column elementor-element elementor-element-ff28933\" data-id=\"ff28933\" data-element_type=\"column\">\n\t\t\t<div class=\"elementor-widget-wrap elementor-element-populated\">\n\t\t\t\t\t\t<div class=\"elementor-element elementor-element-7745a93 notranslate elementor-widget elementor-widget-text-editor\" data-id=\"7745a93\" data-element_type=\"widget\" data-widget_type=\"text-editor.default\">\n\t\t\t\t<div class=\"elementor-widget-container\">\n\t\t\t<style>\/*! elementor - v3.21.0 - 20-05-2024 *\/\n.elementor-widget-text-editor.elementor-drop-cap-view-stacked .elementor-drop-cap{background-color:#69727d;color:#fff}.elementor-widget-text-editor.elementor-drop-cap-view-framed .elementor-drop-cap{color:#69727d;border:3px solid;background-color:transparent}.elementor-widget-text-editor:not(.elementor-drop-cap-view-default) .elementor-drop-cap{margin-top:8px}.elementor-widget-text-editor:not(.elementor-drop-cap-view-default) .elementor-drop-cap-letter{width:1em;height:1em}.elementor-widget-text-editor .elementor-drop-cap{float:left;text-align:center;line-height:1;font-size:50px}.elementor-widget-text-editor .elementor-drop-cap-letter{display:inline-block}<\/style>\t\t\t\t<p><strong><span style=\"vertical-align: inherit;\"><span style=\"vertical-align: inherit;\">DANH S\u00c1CH T\u1ef0 C\u00d4NG B\u1ed0 S\u1ea2N PH\u1ea8M TH\u1ef0C PH\u1ea8M<\/span><\/span><\/strong><br \/><span style=\"vertical-align: inherit;\"><span style=\"vertical-align: inherit;\"> Danh s\u00e1ch c\u01a1 s\u1edf t\u1ef1 c\u00f4ng b\u1ed1 ch\u1ea5t l\u01b0\u1ee3ng s\u1ea3n ph\u1ea9m c\u1ee7a S\u1edf C\u00f4ng Th\u01b0\u01a1ng T\u1ec9nh Qu\u1ea3ng Nam : <a href=\"https:\/\/congthuong.quangnam.gov.vn\/webcenter\/portal\/socongthuong\/pages_tin-tuc?catalog=CBCLSP\">Link \u1edf \u0111\u00e2y<\/a><\/span><\/span><\/p>\n\t\t\t\t\t\t<\/div>\n\t\t\t\t<\/div>\n\t\t\t\t<div class=\"elementor-element elementor-element-2fe8256 notranslate elementor-widget elementor-widget-shortcode\" data-id=\"2fe8256\" data-element_type=\"widget\" data-widget_type=\"shortcode.default\">\n\t\t\t\t<div class=\"elementor-widget-container\">\n\t\t\t\t\t<div class=\"elementor-shortcode\">\n<table id=\"tablepress-2\" class=\"tablepress tablepress-id-2\">\n<thead>\n<tr class=\"row-1\">\n\t<th class=\"column-1\">S\u1ed0 T\u1ef0 C\u00d4NG B\u1ed0 - T\u00caN S\u1ea2N PH\u1ea8M<\/th><th class=\"column-2\">NG\u00c0Y TH\u00c1NG N\u0102M<\/th>\n<\/tr>\n<\/thead>\n<tbody class=\"row-striping row-hover\">\n<tr class=\"row-2\">\n\t<td class=\"column-1\"><\/td><td class=\"column-2\">N\u0103m 2025<\/td>\n<\/tr>\n<tr class=\"row-3\">\n\t<td class=\"column-1\"><a href=\"https:\/\/phevaworld.com\/01-pheva-2025-socola-hon-hop-dau-tay\/\" rel=\"noopener\" target=\"_blank\">01.PHEVA.2025 - So\u0302co\u0302la ho\u0302\u0303n ho\u031b\u0323p Da\u0302u ta\u0302y<\/a><\/td><td class=\"column-2\">13\/01\/2025<\/td>\n<\/tr>\n<tr class=\"row-4\">\n\t<td class=\"column-1\"><a href=\"https:\/\/phevaworld.com\/02-pheva-2025-socola-hon-hop-hat-de-cuoi\/\" rel=\"noopener\" target=\"_blank\">02.PHEVA.2025 - So\u0302co\u0302la ho\u0302\u0303n ho\u031b\u0323p Ha\u0323t de\u0309 cu\u031bo\u031b\u0300i<\/a><\/td><td class=\"column-2\">13\/01\/2025<\/td>\n<\/tr>\n<tr class=\"row-5\">\n\t<td class=\"column-1\"><a href=\"https:\/\/phevaworld.com\/03-pheva-2025-mieng-soccola-sua-hat-phi\/\" rel=\"noopener\" target=\"_blank\">03.PHEVA.2025 - Mie\u0302\u0301ng So\u0302co\u0302la su\u031b\u0303a Ha\u0323t phi\u0309<\/a><\/td><td class=\"column-2\">26\/03\/2025<\/td>\n<\/tr>\n<tr class=\"row-6\">\n\t<td class=\"column-1\"><a href=\"https:\/\/phevaworld.com\/04-pheva-2025-mieng-socola-sua-hat-dieu\/\" rel=\"noopener\" target=\"_blank\">04.PHEVA.2025 - Mie\u0302\u0301ng So\u0302co\u0302la su\u031b\u0303a Ha\u0323t \u0111ie\u0302\u0300u<\/a><\/td><td class=\"column-2\">26\/03\/2025<\/td>\n<\/tr>\n<tr class=\"row-7\">\n\t<td class=\"column-1\"><a href=\"https:\/\/phevaworld.com\/05-pheva-2025-mieng-socola-sua-hat-de-cuoi\/\" rel=\"noopener\" target=\"_blank\">05.PHEVA.2025 - Mie\u0302\u0301ng So\u0302co\u0302la su\u031b\u0303a Ha\u0323t de\u0309 cu\u031bo\u031b\u0300i<\/a><\/td><td class=\"column-2\">26\/03\/2025<\/td>\n<\/tr>\n<tr class=\"row-8\">\n\t<td class=\"column-1\"><a href=\"https:\/\/phevaworld.com\/06-pheva-2025-socola-sua-nhan-hat-phi-2\/\" rel=\"noopener\" target=\"_blank\">06.PHEVA.2025 - S\u00f4c\u00f4la s\u1eefa nh\u00e2n h\u1ea1t ph\u1ec9<\/a><\/td><td class=\"column-2\">29\/05\/2025<\/td>\n<\/tr>\n<tr class=\"row-9\">\n\t<td class=\"column-1\"><a href=\"https:\/\/phevaworld.com\/07-pheva-2025-socola-sua-nhan-hat-dieu\/\" rel=\"noopener\" target=\"_blank\">07.PHEVA.2025 - S\u00f4c\u00f4la s\u1eefa nh\u00e2n h\u1ea1t \u0111i\u1ec1u<\/a><\/td><td class=\"column-2\">29\/05\/2025<\/td>\n<\/tr>\n<tr class=\"row-10\">\n\t<td class=\"column-1\"><a href=\"https:\/\/phevaworld.com\/08-pheva-2025-socola-sua-nhan-hat-de-cuoi\/\" rel=\"noopener\" target=\"_blank\">08.PHEVA.2025 - S\u00f4c\u00f4la s\u1eefa nh\u00e2n h\u1ea1t d\u1ebb c\u01b0\u1eddi<\/a><\/td><td class=\"column-2\">29\/05\/2025<\/td>\n<\/tr>\n<tr class=\"row-11\">\n\t<td class=\"column-1\"><a href=\"https:\/\/phevaworld.com\/09-pheva-2025-hop-socola-hon-hop-6-vi\/\" rel=\"noopener\" target=\"_blank\">09.PHEVA.2025 - Ho\u0323\u0302p So\u0302co\u0302la ho\u0302\u0303n ho\u031b\u0323p 6 vi\u0323<\/a><\/td><td class=\"column-2\">23\/04\/2025<\/td>\n<\/tr>\n<tr class=\"row-12\">\n\t<td class=\"column-1\"><a href=\"https:\/\/phevaworld.com\/10-pheva-2025-hop-socola-hon-hop-12-vi\/\" rel=\"noopener\" target=\"_blank\">10.PHEVA.2025 - Ho\u0323\u0302p So\u0302co\u0302la ho\u0302\u0303n ho\u031b\u0323p 12 vi\u0323<\/a><\/td><td class=\"column-2\">23\/04\/2025<\/td>\n<\/tr>\n<tr class=\"row-13\">\n\t<td class=\"column-1\"><\/td><td class=\"column-2\">N\u0103m 2024<\/td>\n<\/tr>\n<tr class=\"row-14\">\n\t<td class=\"column-1\"><a href=\"https:\/\/phevaworld.com\/01-pheva-2024-socola-dau-tay\/\" rel=\"noopener\" target=\"_blank\">01.PHEVA.2024 -  So\u0302co\u0302la Da\u0302u ta\u0302y<\/a><\/td><td class=\"column-2\">21\/05\/2024<\/td>\n<\/tr>\n<tr class=\"row-15\">\n\t<td class=\"column-1\"><a href=\"https:\/\/phevaworld.com\/02-pheva-2024-socola-sua-xoai\/\" rel=\"noopener\" target=\"_blank\">02.PHEVA.2024 - So\u0302co\u0302la su\u031b\u0303a Xoa\u0300i<\/a><\/td><td class=\"column-2\">21\/05\/2024<\/td>\n<\/tr>\n<tr class=\"row-16\">\n\t<td class=\"column-1\"><a href=\"https:\/\/phevaworld.com\/03-pheva-2024-socola-chuoi\/\" rel=\"noopener\" target=\"_blank\">03.PHEVA.2024 - So\u0302co\u0302la Chuo\u0302\u0301i<\/a><\/td><td class=\"column-2\">21\/05\/2024<\/td>\n<\/tr>\n<tr class=\"row-17\">\n\t<td class=\"column-1\"><a href=\"https:\/\/phevaworld.com\/04-pheva-204-socola-caphe-dua\/\" rel=\"noopener\" target=\"_blank\">04.PHEVA.2024 - So\u0302co\u0302la Ca\u0300 phe\u0302 du\u031b\u0300a<\/a><\/td><td class=\"column-2\">25\/06\/2024<\/td>\n<\/tr>\n<tr class=\"row-18\">\n\t<td class=\"column-1\"><a href=\"https:\/\/phevaworld.com\/05-pheva-2024-socola-hon-hop-15-vi\/\" rel=\"noopener\" target=\"_blank\">05.PHEVA.2024 - S\u00f4c\u00f4la h\u1ed7n h\u1ee3p 15 v\u1ecb<\/a><\/td><td class=\"column-2\">20\/09\/2024<\/td>\n<\/tr>\n<tr class=\"row-19\">\n\t<td class=\"column-1\"><a href=\"https:\/\/phevaworld.com\/06-pheva-2024-socola-sua-hon-hop-6-vi\/\" rel=\"noopener\" target=\"_blank\">06.PHEVA.2024 - S\u00f4c\u00f4la s\u1eefa h\u1ed7n h\u1ee3p 6 v\u1ecb<\/a><\/td><td class=\"column-2\">20\/09\/2024<\/td>\n<\/tr>\n<tr class=\"row-20\">\n\t<td class=\"column-1\"><\/td><td class=\"column-2\">N\u0103m 2022<\/td>\n<\/tr>\n<tr class=\"row-21\">\n\t<td class=\"column-1\"><a href=\"https:\/\/phevaworld.com\/01-pheva-2022-socola-hon-hop-6-vi-2\/\" rel=\"noopener\" target=\"_blank\">01.PHEVA.2022 -  So\u0302co\u0302la ho\u0302\u0303n ho\u031b\u0323p 6 vi\u0323<\/a><\/td><td class=\"column-2\">08\/08\/2022<\/td>\n<\/tr>\n<tr class=\"row-22\">\n\t<td class=\"column-1\"><a href=\"https:\/\/phevaworld.com\/02-pheva-2022-hop-socola-12-vi-2\/\" rel=\"noopener\" target=\"_blank\">02.PHEVA.2022 - Ho\u0323\u0302p so\u0302co\u0302la 12 vi\u0323<\/a><\/td><td class=\"column-2\">08\/08\/2022<\/td>\n<\/tr>\n<tr class=\"row-23\">\n\t<td class=\"column-1\"><a href=\"https:\/\/phevaworld.com\/03-pheva-2022-socola-den-2\/\" rel=\"noopener\" target=\"_blank\">03.PHEVA.2022 - So\u0302co\u0302la \u0111en<\/a><\/td><td class=\"column-2\">08\/10\/2022<\/td>\n<\/tr>\n<tr class=\"row-24\">\n\t<td class=\"column-1\"><a href=\"https:\/\/phevaworld.com\/04-pheva-2022-socola-den-tieu-den-2\/\" rel=\"noopener\" target=\"_blank\">04.PHEVA.2022 - So\u0302co\u0302la \u0111en Tie\u0302u \u0111en<\/a><\/td><td class=\"column-2\">08\/10\/2022<\/td>\n<\/tr>\n<tr class=\"row-25\">\n\t<td class=\"column-1\"><a href=\"https:\/\/phevaworld.com\/05-pheva-2022-socola-den-hat-cacao-2\/\" rel=\"noopener\" target=\"_blank\">05.PHEVA.2022 -  So\u0302co\u0302la \u0111en Ha\u0323t cacao<\/a><\/td><td class=\"column-2\">08\/10\/2022<\/td>\n<\/tr>\n<tr class=\"row-26\">\n\t<td class=\"column-1\"><a href=\"https:\/\/phevaworld.com\/06-pheva-2022-socola-den-que-2\/\" rel=\"noopener\" target=\"_blank\">06.PHEVA.2022 - So\u0302co\u0302la \u0111en Que\u0302\u0301<\/a><\/td><td class=\"column-2\">08\/10\/2022<\/td>\n<\/tr>\n<tr class=\"row-27\">\n\t<td class=\"column-1\"><a href=\"https:\/\/phevaworld.com\/07-pheva-2022-socola-den-vo-cam-2\/\" rel=\"noopener\" target=\"_blank\">07.PHEVA.2022 - So\u0302co\u0302la \u0111en Vo\u0309 cam<\/a><\/td><td class=\"column-2\">08\/10\/2022<\/td>\n<\/tr>\n<tr class=\"row-28\">\n\t<td class=\"column-1\"><a href=\"https:\/\/phevaworld.com\/08-pheva-2022-socola-den-hat-de-cuoi-2\/\" rel=\"noopener\" target=\"_blank\">08.PHEVA.2022 - So\u0302co\u0302la \u0111en Ha\u0323t de\u0309 cu\u031bo\u031b\u0300i<\/a><\/td><td class=\"column-2\">08\/10\/2022<\/td>\n<\/tr>\n<tr class=\"row-29\">\n\t<td class=\"column-1\"><a href=\"https:\/\/phevaworld.com\/09-pheva-2022-socola-sua-2\/\" rel=\"noopener\" target=\"_blank\">09.PHEVA.2022 - So\u0302co\u0302la su\u031b\u0303a<\/a><\/td><td class=\"column-2\">08\/10\/2022<\/td>\n<\/tr>\n<tr class=\"row-30\">\n\t<td class=\"column-1\"><a href=\"https:\/\/phevaworld.com\/10-pheva-2022-socola-sua-hat-de-cuoi-2\/\" rel=\"noopener\" target=\"_blank\">10.PHEVA.2022 - So\u0302co\u0302la su\u031b\u0303a Ha\u0323t de\u0309 cu\u031bo\u031b\u0300i<\/a><\/td><td class=\"column-2\">08\/10\/2022<\/td>\n<\/tr>\n<tr class=\"row-31\">\n\t<td class=\"column-1\"><a href=\"https:\/\/phevaworld.com\/11-pheva-2022-socola-sua-gao-lut-2\/\" rel=\"noopener\" target=\"_blank\">11.PHEVA.2022 - So\u0302co\u0302la su\u031b\u0303a Ga\u0323o lu\u031b\u0301t<\/a><\/td><td class=\"column-2\">08\/10\/2022<\/td>\n<\/tr>\n<tr class=\"row-32\">\n\t<td class=\"column-1\"><a href=\"https:\/\/phevaworld.com\/12-pheva-2022-socola-sua-ca-phe-2\/\" rel=\"noopener\" target=\"_blank\">12.PHEVA.2022 - So\u0302co\u0302la su\u031b\u0303a Ca\u0300 phe\u0302<\/a><\/td><td class=\"column-2\">08\/10\/2022<\/td>\n<\/tr>\n<tr class=\"row-33\">\n\t<td class=\"column-1\"><a href=\"https:\/\/phevaworld.com\/13-pheva-2022-socola-trang-2\/\" rel=\"noopener\" target=\"_blank\">13.PHEVA.2022 - So\u0302co\u0302la tra\u0306\u0301ng<\/a><\/td><td class=\"column-2\">08\/10\/2022<\/td>\n<\/tr>\n<tr class=\"row-34\">\n\t<td class=\"column-1\"><a href=\"https:\/\/phevaworld.com\/14-pheva-2022-socola-trang-tra-xanh-2\/\" rel=\"noopener\" target=\"_blank\">14.PHEVA.2022 - So\u0302co\u0302la tra\u0306\u0301ng Tra\u0300 xanh<\/a><\/td><td class=\"column-2\">08\/10\/2022<\/td>\n<\/tr>\n<\/tbody>\n<\/table>\n<!-- #tablepress-2 from cache --><\/div>\n\t\t\t\t<\/div>\n\t\t\t\t<\/div>\n\t\t\t\t\t<\/div>\n\t\t<\/div>\n\t\t\t\t\t<\/div>\n\t\t<\/section>\n\t\t\t\t<\/div>\n\t\t","protected":false},"excerpt":{"rendered":"<p>DANH S\u00c1CH T\u1ef0 C\u00d4NG B\u1ed0 S\u1ea2N PH\u1ea8M TH\u1ef0C PH\u1ea8M Danh s\u00e1ch c\u01a1 s\u1edf t\u1ef1 c\u00f4ng b\u1ed1 ch\u1ea5t l\u01b0\u1ee3ng s\u1ea3n ph\u1ea9m c\u1ee7a S\u1edf C\u00f4ng Th\u01b0\u01a1ng T\u1ec9nh Qu\u1ea3ng Nam : Link \u1edf \u0111\u00e2y<\/p>\n","protected":false},"author":1,"featured_media":0,"parent":0,"menu_order":0,"comment_status":"closed","ping_status":"closed","template":"","meta":{"_acf_changed":false,"ocean_post_layout":"full-screen","ocean_both_sidebars_style":"","ocean_both_sidebars_content_width":0,"ocean_both_sidebars_sidebars_width":0,"ocean_sidebar":"","ocean_second_sidebar":"","ocean_disable_margins":"enable","ocean_add_body_class":"","ocean_shortcode_before_top_bar":"","ocean_shortcode_after_top_bar":"","ocean_shortcode_before_header":"","ocean_shortcode_after_header":"","ocean_has_shortcode":"","ocean_shortcode_after_title":"","ocean_shortcode_before_footer_widgets":"","ocean_shortcode_after_footer_widgets":"","ocean_shortcode_before_footer_bottom":"","ocean_shortcode_after_footer_bottom":"","ocean_display_top_bar":"default","ocean_display_header":"default","ocean_header_style":"","ocean_center_header_left_menu":"","ocean_custom_header_template":"","ocean_custom_logo":0,"ocean_custom_retina_logo":0,"ocean_custom_logo_max_width":0,"ocean_custom_logo_tablet_max_width":0,"ocean_custom_logo_mobile_max_width":0,"ocean_custom_logo_max_height":0,"ocean_custom_logo_tablet_max_height":0,"ocean_custom_logo_mobile_max_height":0,"ocean_header_custom_menu":"","ocean_menu_typo_font_family":"","ocean_menu_typo_font_subset":"","ocean_menu_typo_font_size":0,"ocean_menu_typo_font_size_tablet":0,"ocean_menu_typo_font_size_mobile":0,"ocean_menu_typo_font_size_unit":"px","ocean_menu_typo_font_weight":"","ocean_menu_typo_font_weight_tablet":"","ocean_menu_typo_font_weight_mobile":"","ocean_menu_typo_transform":"","ocean_menu_typo_transform_tablet":"","ocean_menu_typo_transform_mobile":"","ocean_menu_typo_line_height":0,"ocean_menu_typo_line_height_tablet":0,"ocean_menu_typo_line_height_mobile":0,"ocean_menu_typo_line_height_unit":"","ocean_menu_typo_spacing":0,"ocean_menu_typo_spacing_tablet":0,"ocean_menu_typo_spacing_mobile":0,"ocean_menu_typo_spacing_unit":"","ocean_menu_link_color":"","ocean_menu_link_color_hover":"","ocean_menu_link_color_active":"","ocean_menu_link_background":"","ocean_menu_link_hover_background":"","ocean_menu_link_active_background":"","ocean_menu_social_links_bg":"","ocean_menu_social_hover_links_bg":"","ocean_menu_social_links_color":"","ocean_menu_social_hover_links_color":"","ocean_disable_title":"default","ocean_disable_heading":"default","ocean_post_title":"","ocean_post_subheading":"","ocean_post_title_style":"","ocean_post_title_background_color":"","ocean_post_title_background":0,"ocean_post_title_bg_image_position":"","ocean_post_title_bg_image_attachment":"","ocean_post_title_bg_image_repeat":"","ocean_post_title_bg_image_size":"","ocean_post_title_height":0,"ocean_post_title_bg_overlay":0.5,"ocean_post_title_bg_overlay_color":"","ocean_disable_breadcrumbs":"default","ocean_breadcrumbs_color":"","ocean_breadcrumbs_separator_color":"","ocean_breadcrumbs_links_color":"","ocean_breadcrumbs_links_hover_color":"","ocean_display_footer_widgets":"default","ocean_display_footer_bottom":"default","ocean_custom_footer_template":"","footnotes":""},"class_list":["post-2439","page","type-page","status-publish","hentry","entry","owp-thumbs-layout-horizontal","owp-btn-normal","owp-tabs-layout-horizontal","has-no-thumbnails"],"acf":[],"jetpack_sharing_enabled":true,"_links":{"self":[{"href":"https:\/\/phevaworld.com\/vi\/wp-json\/wp\/v2\/pages\/2439","targetHints":{"allow":["GET"]}}],"collection":[{"href":"https:\/\/phevaworld.com\/vi\/wp-json\/wp\/v2\/pages"}],"about":[{"href":"https:\/\/phevaworld.com\/vi\/wp-json\/wp\/v2\/types\/page"}],"author":[{"embeddable":true,"href":"https:\/\/phevaworld.com\/vi\/wp-json\/wp\/v2\/users\/1"}],"replies":[{"embeddable":true,"href":"https:\/\/phevaworld.com\/vi\/wp-json\/wp\/v2\/comments?post=2439"}],"version-history":[{"count":5,"href":"https:\/\/phevaworld.com\/vi\/wp-json\/wp\/v2\/pages\/2439\/revisions"}],"predecessor-version":[{"id":3709,"href":"https:\/\/phevaworld.com\/vi\/wp-json\/wp\/v2\/pages\/2439\/revisions\/3709"}],"wp:attachment":[{"href":"https:\/\/phevaworld.com\/vi\/wp-json\/wp\/v2\/media?parent=2439"}],"curies":[{"name":"wp","href":"https:\/\/api.w.org\/{rel}","templated":true}]}}