{"id":2518,"date":"2024-04-09T18:45:34","date_gmt":"2024-04-09T18:45:34","guid":{"rendered":"https:\/\/phevaworld.com\/chinh-sach-hoan-tra-va-hoan-tien\/"},"modified":"2026-04-29T07:00:31","modified_gmt":"2026-04-29T07:00:31","slug":"chinh-sach-hoan-tra-va-hoan-tien","status":"publish","type":"page","link":"https:\/\/phevaworld.com\/vi\/chinh-sach-hoan-tra-va-hoan-tien\/","title":{"rendered":"Ch\u00ednh s\u00e1ch ho\u00e0n tr\u1ea3 v\u00e0 ho\u00e0n ti\u1ec1n"},"content":{"rendered":"\t\t<div data-elementor-type=\"wp-page\" data-elementor-id=\"2518\" class=\"elementor elementor-2518 elementor-1095\">\n\t\t\t\t\t\t<section class=\"elementor-section elementor-top-section elementor-element elementor-element-a4533e1 elementor-section-boxed elementor-section-height-default elementor-section-height-default\" data-id=\"a4533e1\" data-element_type=\"section\">\n\t\t\t\t\t\t<div class=\"elementor-container elementor-column-gap-default\">\n\t\t\t\t\t<div class=\"elementor-column elementor-col-100 elementor-top-column elementor-element elementor-element-483105b\" data-id=\"483105b\" data-element_type=\"column\">\n\t\t\t<div class=\"elementor-widget-wrap elementor-element-populated\">\n\t\t\t\t\t\t<div class=\"elementor-element elementor-element-2c00638 elementor-widget elementor-widget-heading\" data-id=\"2c00638\" data-element_type=\"widget\" data-widget_type=\"heading.default\">\n\t\t\t\t<div class=\"elementor-widget-container\">\n\t\t\t<style>\/*! elementor - v3.21.0 - 20-05-2024 *\/\n.elementor-heading-title{padding:0;margin:0;line-height:1}.elementor-widget-heading .elementor-heading-title[class*=elementor-size-]>a{color:inherit;font-size:inherit;line-height:inherit}.elementor-widget-heading .elementor-heading-title.elementor-size-small{font-size:15px}.elementor-widget-heading .elementor-heading-title.elementor-size-medium{font-size:19px}.elementor-widget-heading .elementor-heading-title.elementor-size-large{font-size:29px}.elementor-widget-heading .elementor-heading-title.elementor-size-xl{font-size:39px}.elementor-widget-heading .elementor-heading-title.elementor-size-xxl{font-size:59px}<\/style><h2 class=\"elementor-heading-title elementor-size-default\">Ch\u00ednh s\u00e1ch ho\u00e0n tr\u1ea3 v\u00e0 ho\u00e0n ti\u1ec1n<\/h2>\t\t<\/div>\n\t\t\t\t<\/div>\n\t\t\t\t<div class=\"elementor-element elementor-element-f763132 elementor-widget-divider--view-line elementor-widget elementor-widget-divider\" data-id=\"f763132\" data-element_type=\"widget\" data-widget_type=\"divider.default\">\n\t\t\t\t<div class=\"elementor-widget-container\">\n\t\t\t<style>\/*! elementor - v3.21.0 - 20-05-2024 *\/\n.elementor-widget-divider{--divider-border-style:none;--divider-border-width:1px;--divider-color:#0c0d0e;--divider-icon-size:20px;--divider-element-spacing:10px;--divider-pattern-height:24px;--divider-pattern-size:20px;--divider-pattern-url:none;--divider-pattern-repeat:repeat-x}.elementor-widget-divider .elementor-divider{display:flex}.elementor-widget-divider .elementor-divider__text{font-size:15px;line-height:1;max-width:95%}.elementor-widget-divider .elementor-divider__element{margin:0 var(--divider-element-spacing);flex-shrink:0}.elementor-widget-divider .elementor-icon{font-size:var(--divider-icon-size)}.elementor-widget-divider .elementor-divider-separator{display:flex;margin:0;direction:ltr}.elementor-widget-divider--view-line_icon .elementor-divider-separator,.elementor-widget-divider--view-line_text .elementor-divider-separator{align-items:center}.elementor-widget-divider--view-line_icon .elementor-divider-separator:after,.elementor-widget-divider--view-line_icon .elementor-divider-separator:before,.elementor-widget-divider--view-line_text .elementor-divider-separator:after,.elementor-widget-divider--view-line_text .elementor-divider-separator:before{display:block;content:\"\";border-block-end:0;flex-grow:1;border-block-start:var(--divider-border-width) var(--divider-border-style) var(--divider-color)}.elementor-widget-divider--element-align-left .elementor-divider .elementor-divider-separator>.elementor-divider__svg:first-of-type{flex-grow:0;flex-shrink:100}.elementor-widget-divider--element-align-left .elementor-divider-separator:before{content:none}.elementor-widget-divider--element-align-left .elementor-divider__element{margin-left:0}.elementor-widget-divider--element-align-right .elementor-divider .elementor-divider-separator>.elementor-divider__svg:last-of-type{flex-grow:0;flex-shrink:100}.elementor-widget-divider--element-align-right .elementor-divider-separator:after{content:none}.elementor-widget-divider--element-align-right .elementor-divider__element{margin-right:0}.elementor-widget-divider--element-align-start .elementor-divider .elementor-divider-separator>.elementor-divider__svg:first-of-type{flex-grow:0;flex-shrink:100}.elementor-widget-divider--element-align-start .elementor-divider-separator:before{content:none}.elementor-widget-divider--element-align-start .elementor-divider__element{margin-inline-start:0}.elementor-widget-divider--element-align-end .elementor-divider .elementor-divider-separator>.elementor-divider__svg:last-of-type{flex-grow:0;flex-shrink:100}.elementor-widget-divider--element-align-end .elementor-divider-separator:after{content:none}.elementor-widget-divider--element-align-end .elementor-divider__element{margin-inline-end:0}.elementor-widget-divider:not(.elementor-widget-divider--view-line_text):not(.elementor-widget-divider--view-line_icon) .elementor-divider-separator{border-block-start:var(--divider-border-width) var(--divider-border-style) var(--divider-color)}.elementor-widget-divider--separator-type-pattern{--divider-border-style:none}.elementor-widget-divider--separator-type-pattern.elementor-widget-divider--view-line .elementor-divider-separator,.elementor-widget-divider--separator-type-pattern:not(.elementor-widget-divider--view-line) .elementor-divider-separator:after,.elementor-widget-divider--separator-type-pattern:not(.elementor-widget-divider--view-line) .elementor-divider-separator:before,.elementor-widget-divider--separator-type-pattern:not([class*=elementor-widget-divider--view]) .elementor-divider-separator{width:100%;min-height:var(--divider-pattern-height);-webkit-mask-size:var(--divider-pattern-size) 100%;mask-size:var(--divider-pattern-size) 100%;-webkit-mask-repeat:var(--divider-pattern-repeat);mask-repeat:var(--divider-pattern-repeat);background-color:var(--divider-color);-webkit-mask-image:var(--divider-pattern-url);mask-image:var(--divider-pattern-url)}.elementor-widget-divider--no-spacing{--divider-pattern-size:auto}.elementor-widget-divider--bg-round{--divider-pattern-repeat:round}.rtl .elementor-widget-divider .elementor-divider__text{direction:rtl}.e-con-inner>.elementor-widget-divider,.e-con>.elementor-widget-divider{width:var(--container-widget-width,100%);--flex-grow:var(--container-widget-flex-grow)}<\/style>\t\t<div class=\"elementor-divider\">\n\t\t\t<span class=\"elementor-divider-separator\">\n\t\t\t\t\t\t<\/span>\n\t\t<\/div>\n\t\t\t\t<\/div>\n\t\t\t\t<\/div>\n\t\t\t\t<div class=\"elementor-element elementor-element-bd509cc elementor-widget elementor-widget-text-editor\" data-id=\"bd509cc\" data-element_type=\"widget\" data-widget_type=\"text-editor.default\">\n\t\t\t\t<div class=\"elementor-widget-container\">\n\t\t\t<style>\/*! elementor - v3.21.0 - 20-05-2024 *\/\n.elementor-widget-text-editor.elementor-drop-cap-view-stacked .elementor-drop-cap{background-color:#69727d;color:#fff}.elementor-widget-text-editor.elementor-drop-cap-view-framed .elementor-drop-cap{color:#69727d;border:3px solid;background-color:transparent}.elementor-widget-text-editor:not(.elementor-drop-cap-view-default) .elementor-drop-cap{margin-top:8px}.elementor-widget-text-editor:not(.elementor-drop-cap-view-default) .elementor-drop-cap-letter{width:1em;height:1em}.elementor-widget-text-editor .elementor-drop-cap{float:left;text-align:center;line-height:1;font-size:50px}.elementor-widget-text-editor .elementor-drop-cap-letter{display:inline-block}<\/style>\t\t\t\t<p data-start=\"24\" data-end=\"130\">T\u1ea5t c\u1ea3 c\u00e1c \u0111\u01a1n h\u00e0ng mua t\u1ea1i c\u1eeda h\u00e0ng \u0111\u1ec1u l\u00e0 quy\u1ebft \u0111\u1ecbnh cu\u1ed1i c\u00f9ng v\u00e0 kh\u00f4ng th\u1ec3 h\u1ee7y sau khi \u0111\u00e3 thanh to\u00e1n.<\/p><p data-start=\"132\" data-end=\"195\">Qu\u00fd kh\u00e1ch vui l\u00f2ng ki\u1ec3m tra k\u1ef9 s\u1ea3n ph\u1ea9m tr\u01b0\u1edbc khi thanh to\u00e1n.<\/p><p data-start=\"197\" data-end=\"249\">PHEVA ch\u1ec9 h\u1ed7 tr\u1ee3 \u0111\u1ed5i\/tr\u1ea3 trong c\u00e1c tr\u01b0\u1eddng h\u1ee3p sau:<\/p><ul data-start=\"250\" data-end=\"370\"><li data-section-id=\"1s7qhhv\" data-start=\"250\" data-end=\"324\">S\u1ea3n ph\u1ea9m kh\u00f4ng \u0111\u00fang v\u1edbi n\u1ed9i dung mua h\u00e0ng (sai s\u1ea3n ph\u1ea9m ho\u1eb7c s\u1ed1 l\u01b0\u1ee3ng)<\/li><li data-section-id=\"1f8gfzj\" data-start=\"325\" data-end=\"370\">S\u1ea3n ph\u1ea9m c\u00f3 l\u1ed7i r\u00f5 r\u00e0ng t\u1ea1i th\u1eddi \u0111i\u1ec3m mua<\/li><\/ul><p data-start=\"372\" data-end=\"536\">Y\u00eau c\u1ea7u \u0111\u1ed5i\/tr\u1ea3 ph\u1ea3i \u0111\u01b0\u1ee3c th\u1ef1c hi\u1ec7n trong v\u00f2ng <strong data-start=\"419\" data-end=\"454\">24 gi\u1edd k\u1ec3 t\u1eeb th\u1eddi \u0111i\u1ec3m mua h\u00e0ng<\/strong>. S\u1ea3n ph\u1ea9m ph\u1ea3i ch\u01b0a qua s\u1eed d\u1ee5ng, c\u00f2n nguy\u00ean tr\u1ea1ng v\u00e0 k\u00e8m theo h\u00f3a \u0111\u01a1n mua h\u00e0ng.<\/p><p data-start=\"538\" data-end=\"625\">PHEVA kh\u00f4ng ch\u1ea5p nh\u1eadn \u0111\u1ed5i\/tr\u1ea3 ho\u1eb7c ho\u00e0n ti\u1ec1n do thay \u0111\u1ed5i nhu c\u1ea7u c\u00e1 nh\u00e2n sau khi mua.<\/p><p data-start=\"627\" data-end=\"723\">\u0110\u1ec3 \u0111\u01b0\u1ee3c h\u1ed7 tr\u1ee3, qu\u00fd kh\u00e1ch vui l\u00f2ng li\u00ean h\u1ec7 tr\u1ef1c ti\u1ebfp c\u1eeda h\u00e0ng n\u01a1i \u0111\u00e3 mua s\u1ea3n ph\u1ea9m v\u00e0 cung c\u1ea5p:<\/p><ul data-start=\"724\" data-end=\"781\"><li data-section-id=\"14iovec\" data-start=\"724\" data-end=\"744\">H\u00f3a \u0111\u01a1n mua h\u00e0ng<\/li><li data-section-id=\"1bj3gfe\" data-start=\"745\" data-end=\"781\">H\u00ecnh \u1ea3nh ho\u1eb7c video c\u1ee7a s\u1ea3n ph\u1ea9m<\/li><\/ul><p data-start=\"783\" data-end=\"848\">Sau khi x\u00e1c minh, PHEVA s\u1ebd \u0111\u1ec1 xu\u1ea5t m\u1ed9t trong c\u00e1c ph\u01b0\u01a1ng \u00e1n sau:<\/p><ul data-start=\"849\" data-end=\"946\"><li data-section-id=\"ugfywj\" data-start=\"849\" data-end=\"906\">\u0110\u1ed5i s\u1ea3n ph\u1ea9m c\u00f9ng lo\u1ea1i (t\u00f9y theo t\u00ecnh tr\u1ea1ng c\u00f2n h\u00e0ng)<\/li><li data-section-id=\"sqei9d\" data-start=\"907\" data-end=\"946\">\u0110\u1ed5i s\u1ea3n ph\u1ea9m c\u00f3 gi\u00e1 tr\u1ecb t\u01b0\u01a1ng \u0111\u01b0\u01a1ng<\/li><\/ul><p data-start=\"948\" data-end=\"1077\">Vi\u1ec7c ho\u00e0n ti\u1ec1n ch\u1ec9 \u00e1p d\u1ee5ng trong tr\u01b0\u1eddng h\u1ee3p \u0111\u1eb7c bi\u1ec7t v\u00e0, n\u1ebfu \u0111\u01b0\u1ee3c ch\u1ea5p thu\u1eadn, s\u1ebd th\u1ef1c hi\u1ec7n theo ph\u01b0\u01a1ng th\u1ee9c thanh to\u00e1n ban \u0111\u1ea7u:<\/p><ul data-start=\"1078\" data-end=\"1164\"><li data-section-id=\"1gq365a\" data-start=\"1078\" data-end=\"1118\">Ti\u1ec1n m\u1eb7t: trong v\u00f2ng 7 ng\u00e0y l\u00e0m vi\u1ec7c<\/li><li data-section-id=\"1agardn\" data-start=\"1119\" data-end=\"1164\">Chuy\u1ec3n kho\u1ea3n: trong v\u00f2ng 14 ng\u00e0y l\u00e0m vi\u1ec7c<\/li><\/ul>\t\t\t\t\t\t<\/div>\n\t\t\t\t<\/div>\n\t\t\t\t\t<\/div>\n\t\t<\/div>\n\t\t\t\t\t<\/div>\n\t\t<\/section>\n\t\t\t\t<\/div>\n\t\t","protected":false},"excerpt":{"rendered":"<p>Ch\u00ednh s\u00e1ch ho\u00e0n tr\u1ea3 v\u00e0 ho\u00e0n ti\u1ec1n T\u1ea5t c\u1ea3 c\u00e1c \u0111\u01a1n h\u00e0ng mua t\u1ea1i c\u1eeda h\u00e0ng \u0111\u1ec1u l\u00e0 quy\u1ebft \u0111\u1ecbnh cu\u1ed1i c\u00f9ng v\u00e0 kh\u00f4ng th\u1ec3 h\u1ee7y sau khi \u0111\u00e3 thanh to\u00e1n. Qu\u00fd kh\u00e1ch vui l\u00f2ng ki\u1ec3m tra k\u1ef9 s\u1ea3n ph\u1ea9m tr\u01b0\u1edbc khi thanh to\u00e1n. PHEVA ch\u1ec9 h\u1ed7 tr\u1ee3 \u0111\u1ed5i\/tr\u1ea3 trong c\u00e1c tr\u01b0\u1eddng h\u1ee3p sau: S\u1ea3n [&hellip;]<\/p>\n","protected":false},"author":1,"featured_media":0,"parent":0,"menu_order":0,"comment_status":"closed","ping_status":"closed","template":"","meta":{"_acf_changed":false,"ocean_post_layout":"full-screen","ocean_both_sidebars_style":"","ocean_both_sidebars_content_width":0,"ocean_both_sidebars_sidebars_width":0,"ocean_sidebar":"","ocean_second_sidebar":"","ocean_disable_margins":"enable","ocean_add_body_class":"","ocean_shortcode_before_top_bar":"","ocean_shortcode_after_top_bar":"","ocean_shortcode_before_header":"","ocean_shortcode_after_header":"","ocean_has_shortcode":"","ocean_shortcode_after_title":"","ocean_shortcode_before_footer_widgets":"","ocean_shortcode_after_footer_widgets":"","ocean_shortcode_before_footer_bottom":"","ocean_shortcode_after_footer_bottom":"","ocean_display_top_bar":"default","ocean_display_header":"default","ocean_header_style":"","ocean_center_header_left_menu":"","ocean_custom_header_template":"","ocean_custom_logo":0,"ocean_custom_retina_logo":0,"ocean_custom_logo_max_width":0,"ocean_custom_logo_tablet_max_width":0,"ocean_custom_logo_mobile_max_width":0,"ocean_custom_logo_max_height":0,"ocean_custom_logo_tablet_max_height":0,"ocean_custom_logo_mobile_max_height":0,"ocean_header_custom_menu":"","ocean_menu_typo_font_family":"","ocean_menu_typo_font_subset":"","ocean_menu_typo_font_size":0,"ocean_menu_typo_font_size_tablet":0,"ocean_menu_typo_font_size_mobile":0,"ocean_menu_typo_font_size_unit":"px","ocean_menu_typo_font_weight":"","ocean_menu_typo_font_weight_tablet":"","ocean_menu_typo_font_weight_mobile":"","ocean_menu_typo_transform":"","ocean_menu_typo_transform_tablet":"","ocean_menu_typo_transform_mobile":"","ocean_menu_typo_line_height":0,"ocean_menu_typo_line_height_tablet":0,"ocean_menu_typo_line_height_mobile":0,"ocean_menu_typo_line_height_unit":"","ocean_menu_typo_spacing":0,"ocean_menu_typo_spacing_tablet":0,"ocean_menu_typo_spacing_mobile":0,"ocean_menu_typo_spacing_unit":"","ocean_menu_link_color":"","ocean_menu_link_color_hover":"","ocean_menu_link_color_active":"","ocean_menu_link_background":"","ocean_menu_link_hover_background":"","ocean_menu_link_active_background":"","ocean_menu_social_links_bg":"","ocean_menu_social_hover_links_bg":"","ocean_menu_social_links_color":"","ocean_menu_social_hover_links_color":"","ocean_disable_title":"default","ocean_disable_heading":"default","ocean_post_title":"","ocean_post_subheading":"","ocean_post_title_style":"","ocean_post_title_background_color":"","ocean_post_title_background":0,"ocean_post_title_bg_image_position":"","ocean_post_title_bg_image_attachment":"","ocean_post_title_bg_image_repeat":"","ocean_post_title_bg_image_size":"","ocean_post_title_height":0,"ocean_post_title_bg_overlay":0.5,"ocean_post_title_bg_overlay_color":"","ocean_disable_breadcrumbs":"default","ocean_breadcrumbs_color":"","ocean_breadcrumbs_separator_color":"","ocean_breadcrumbs_links_color":"","ocean_breadcrumbs_links_hover_color":"","ocean_display_footer_widgets":"default","ocean_display_footer_bottom":"default","ocean_custom_footer_template":"","footnotes":""},"class_list":["post-2518","page","type-page","status-publish","hentry","entry","owp-thumbs-layout-horizontal","owp-btn-normal","owp-tabs-layout-horizontal","has-no-thumbnails"],"acf":[],"jetpack_sharing_enabled":true,"_links":{"self":[{"href":"https:\/\/phevaworld.com\/vi\/wp-json\/wp\/v2\/pages\/2518","targetHints":{"allow":["GET"]}}],"collection":[{"href":"https:\/\/phevaworld.com\/vi\/wp-json\/wp\/v2\/pages"}],"about":[{"href":"https:\/\/phevaworld.com\/vi\/wp-json\/wp\/v2\/types\/page"}],"author":[{"embeddable":true,"href":"https:\/\/phevaworld.com\/vi\/wp-json\/wp\/v2\/users\/1"}],"replies":[{"embeddable":true,"href":"https:\/\/phevaworld.com\/vi\/wp-json\/wp\/v2\/comments?post=2518"}],"version-history":[{"count":25,"href":"https:\/\/phevaworld.com\/vi\/wp-json\/wp\/v2\/pages\/2518\/revisions"}],"predecessor-version":[{"id":4564,"href":"https:\/\/phevaworld.com\/vi\/wp-json\/wp\/v2\/pages\/2518\/revisions\/4564"}],"wp:attachment":[{"href":"https:\/\/phevaworld.com\/vi\/wp-json\/wp\/v2\/media?parent=2518"}],"curies":[{"name":"wp","href":"https:\/\/api.w.org\/{rel}","templated":true}]}}