{"id":3275,"date":"2024-08-22T09:01:49","date_gmt":"2024-08-22T09:01:49","guid":{"rendered":"https:\/\/phevaworld.com\/?post_type=product&#038;p=3275"},"modified":"2024-10-21T06:12:36","modified_gmt":"2024-10-21T06:12:36","slug":"thanh-28g-socola-den-copy-2","status":"publish","type":"product","link":"https:\/\/phevaworld.com\/vi\/s\u1ea3n-ph\u1ea9m\/thanh-28g-socola-den-copy-2\/","title":{"rendered":"H\u1ed9p 60g &#8211; S\u00f4c\u00f4la C\u00e0 ph\u00ea D\u1eeba &#8211; 3 thanh"},"content":{"rendered":"","protected":false},"excerpt":{"rendered":"<p>3 thanh s\u00f4c\u00f4la, Kh\u1ed1i l\u01b0\u1ee3ng t\u1ecbnh 60g<\/p>\n","protected":false},"featured_media":3279,"template":"","meta":{"_acf_changed":false,"ocean_post_layout":"","ocean_both_sidebars_style":"","ocean_both_sidebars_content_width":0,"ocean_both_sidebars_sidebars_width":0,"ocean_sidebar":"0","ocean_second_sidebar":"0","ocean_disable_margins":"enable","ocean_add_body_class":"","ocean_shortcode_before_top_bar":"","ocean_shortcode_after_top_bar":"","ocean_shortcode_before_header":"","ocean_shortcode_after_header":"","ocean_has_shortcode":"","ocean_shortcode_after_title":"","ocean_shortcode_before_footer_widgets":"","ocean_shortcode_after_footer_widgets":"","ocean_shortcode_before_footer_bottom":"","ocean_shortcode_after_footer_bottom":"","ocean_display_top_bar":"default","ocean_display_header":"default","ocean_header_style":"","ocean_center_header_left_menu":"0","ocean_custom_header_template":"0","ocean_custom_logo":0,"ocean_custom_retina_logo":0,"ocean_custom_logo_max_width":0,"ocean_custom_logo_tablet_max_width":0,"ocean_custom_logo_mobile_max_width":0,"ocean_custom_logo_max_height":0,"ocean_custom_logo_tablet_max_height":0,"ocean_custom_logo_mobile_max_height":0,"ocean_header_custom_menu":"0","ocean_menu_typo_font_family":"0","ocean_menu_typo_font_subset":"","ocean_menu_typo_font_size":0,"ocean_menu_typo_font_size_tablet":0,"ocean_menu_typo_font_size_mobile":0,"ocean_menu_typo_font_size_unit":"px","ocean_menu_typo_font_weight":"","ocean_menu_typo_font_weight_tablet":"","ocean_menu_typo_font_weight_mobile":"","ocean_menu_typo_transform":"","ocean_menu_typo_transform_tablet":"","ocean_menu_typo_transform_mobile":"","ocean_menu_typo_line_height":0,"ocean_menu_typo_line_height_tablet":0,"ocean_menu_typo_line_height_mobile":0,"ocean_menu_typo_line_height_unit":"","ocean_menu_typo_spacing":0,"ocean_menu_typo_spacing_tablet":0,"ocean_menu_typo_spacing_mobile":0,"ocean_menu_typo_spacing_unit":"","ocean_menu_link_color":"","ocean_menu_link_color_hover":"","ocean_menu_link_color_active":"","ocean_menu_link_background":"","ocean_menu_link_hover_background":"","ocean_menu_link_active_background":"","ocean_menu_social_links_bg":"","ocean_menu_social_hover_links_bg":"","ocean_menu_social_links_color":"","ocean_menu_social_hover_links_color":"","ocean_disable_title":"default","ocean_disable_heading":"default","ocean_post_title":"","ocean_post_subheading":"","ocean_post_title_style":"","ocean_post_title_background_color":"","ocean_post_title_background":0,"ocean_post_title_bg_image_position":"","ocean_post_title_bg_image_attachment":"","ocean_post_title_bg_image_repeat":"","ocean_post_title_bg_image_size":"","ocean_post_title_height":0,"ocean_post_title_bg_overlay":0.5,"ocean_post_title_bg_overlay_color":"","ocean_disable_breadcrumbs":"default","ocean_breadcrumbs_color":"","ocean_breadcrumbs_separator_color":"","ocean_breadcrumbs_links_color":"","ocean_breadcrumbs_links_hover_color":"","ocean_display_footer_widgets":"default","ocean_display_footer_bottom":"default","ocean_custom_footer_template":"0"},"product_cat":[73],"product_tag":[],"class_list":{"0":"post-3275","1":"product","2":"type-product","3":"status-publish","4":"has-post-thumbnail","6":"product_cat-hop","8":"entry","9":"has-media","11":"first","12":"instock","13":"taxable","14":"shipping-taxable","15":"purchasable","16":"product-type-simple","17":"col","18":"span_1_of_4","19":"owp-content-center","20":"owp-thumbs-layout-horizontal","21":"owp-btn-normal","22":"owp-tabs-layout-horizontal","23":"has-no-thumbnails"},"acf":{"ingredient":"\u0110\u01b0\u1eddng, B\u01a1 cacao, S\u1eefa b\u1ed9t, D\u1eeba s\u1ea5y gi\u00f2n, Cacao nh\u00e3o, B\u1ed9t c\u00e0 ph\u00ea, Ch\u1ea5t nh\u0169 ho\u00e1 (322(i)), H\u01b0\u01a1ng vani t\u1ef1 nhi\u00ean. Ch\u00fa \u00fd: S\u1ea3n ph\u1ea9m kh\u00f4ng s\u1eed d\u1ee5ng cho nh\u1eefng ng\u01b0\u1eddi b\u1ecb d\u1ecb \u1ee9ng v\u1edbi c\u00e1c th\u00e0nh ph\u1ea7n tr\u00ean.","storage_and_expiry_date":"HDBQ: B\u1ea3o qu\u1ea3n n\u01a1i kh\u00f4 r\u00e1o, tho\u00e1ng m\u00e1t<br>HSD: 6 th\u00e1ng k\u1ec3 t\u1eeb ng\u00e0y s\u1ea3n xu\u1ea5t<br>HDSD: S\u1eed d\u1ee5ng \u0103n ngay","storage_and_expiry_date_copy":"S\u1ea3n xu\u1ea5t t\u1ea1i C\u00f4ng Ty TNHH MTV B\u00e1nh K\u1eb9o Pheva L\u00f4 s\u1ed1 2, KCN \u0110i\u1ec7n Nam - \u0110i\u1ec7n Ng\u1ecdc, P. \u0110i\u1ec7n Ng\u1ecdc, Tx. \u0110i\u1ec7n B\u00e0n, T. Qu\u1ea3ng Nam, Vi\u1ec7t Nam. S\u1ea3n xu\u1ea5t t\u1ea1i Vi\u1ec7t Nam"},"jetpack_sharing_enabled":true,"_links":{"self":[{"href":"https:\/\/phevaworld.com\/vi\/wp-json\/wp\/v2\/product\/3275","targetHints":{"allow":["GET"]}}],"collection":[{"href":"https:\/\/phevaworld.com\/vi\/wp-json\/wp\/v2\/product"}],"about":[{"href":"https:\/\/phevaworld.com\/vi\/wp-json\/wp\/v2\/types\/product"}],"wp:featuredmedia":[{"embeddable":true,"href":"https:\/\/phevaworld.com\/vi\/wp-json\/wp\/v2\/media\/3279"}],"wp:attachment":[{"href":"https:\/\/phevaworld.com\/vi\/wp-json\/wp\/v2\/media?parent=3275"}],"wp:term":[{"taxonomy":"product_cat","embeddable":true,"href":"https:\/\/phevaworld.com\/vi\/wp-json\/wp\/v2\/product_cat?post=3275"},{"taxonomy":"product_tag","embeddable":true,"href":"https:\/\/phevaworld.com\/vi\/wp-json\/wp\/v2\/product_tag?post=3275"}],"curies":[{"name":"wp","href":"https:\/\/api.w.org\/{rel}","templated":true}]}}