{"id":3818,"date":"2025-04-05T07:30:18","date_gmt":"2025-04-05T07:30:18","guid":{"rendered":"https:\/\/phevaworld.com\/?post_type=product&#038;p=3818"},"modified":"2025-07-24T11:03:58","modified_gmt":"2025-07-24T11:03:58","slug":"socola-hon-hop-15-vi-40-mieng-copy","status":"publish","type":"product","link":"https:\/\/phevaworld.com\/vi\/s\u1ea3n-ph\u1ea9m\/socola-hon-hop-15-vi-40-mieng-copy\/","title":{"rendered":"T\u00fai gi\u1eef l\u1ea1nh nh\u1ecf"},"content":{"rendered":"<p>T\u00fai gi\u1eef l\u1ea1nh \u0111\u1ec3 v\u1eadn chuy\u1ec3n s\u00f4c\u00f4la<\/p>\n","protected":false},"excerpt":{"rendered":"<p>T\u00fai gi\u1eef l\u1ea1nh \u0111\u1ec3 v\u1eadn chuy\u1ec3n s\u00f4c\u00f4la \u2013 k\u00e8m theo 1 t\u00fai \u0111\u00e1 gel<\/p>\n<p>K\u00edch th\u01b0\u1edbc: 36cm x 24cm x 12cm<\/p>\n<p>&nbsp;<\/p>\n","protected":false},"featured_media":4239,"template":"","meta":{"_acf_changed":false,"ocean_post_layout":"","ocean_both_sidebars_style":"","ocean_both_sidebars_content_width":0,"ocean_both_sidebars_sidebars_width":0,"ocean_sidebar":"woo_sidebar","ocean_second_sidebar":"0","ocean_disable_margins":"on","ocean_add_body_class":"","ocean_shortcode_before_top_bar":"","ocean_shortcode_after_top_bar":"","ocean_shortcode_before_header":"","ocean_shortcode_after_header":"","ocean_has_shortcode":"","ocean_shortcode_after_title":"","ocean_shortcode_before_footer_widgets":"","ocean_shortcode_after_footer_widgets":"","ocean_shortcode_before_footer_bottom":"","ocean_shortcode_after_footer_bottom":"","ocean_display_top_bar":"default","ocean_display_header":"default","ocean_header_style":"","ocean_center_header_left_menu":"0","ocean_custom_header_template":"0","ocean_custom_logo":0,"ocean_custom_retina_logo":0,"ocean_custom_logo_max_width":0,"ocean_custom_logo_tablet_max_width":0,"ocean_custom_logo_mobile_max_width":0,"ocean_custom_logo_max_height":0,"ocean_custom_logo_tablet_max_height":0,"ocean_custom_logo_mobile_max_height":0,"ocean_header_custom_menu":"0","ocean_menu_typo_font_family":"0","ocean_menu_typo_font_subset":"","ocean_menu_typo_font_size":0,"ocean_menu_typo_font_size_tablet":0,"ocean_menu_typo_font_size_mobile":0,"ocean_menu_typo_font_size_unit":"px","ocean_menu_typo_font_weight":"","ocean_menu_typo_font_weight_tablet":"","ocean_menu_typo_font_weight_mobile":"","ocean_menu_typo_transform":"","ocean_menu_typo_transform_tablet":"","ocean_menu_typo_transform_mobile":"","ocean_menu_typo_line_height":0,"ocean_menu_typo_line_height_tablet":0,"ocean_menu_typo_line_height_mobile":0,"ocean_menu_typo_line_height_unit":"","ocean_menu_typo_spacing":0,"ocean_menu_typo_spacing_tablet":0,"ocean_menu_typo_spacing_mobile":0,"ocean_menu_typo_spacing_unit":"","ocean_menu_link_color":"","ocean_menu_link_color_hover":"","ocean_menu_link_color_active":"","ocean_menu_link_background":"","ocean_menu_link_hover_background":"","ocean_menu_link_active_background":"","ocean_menu_social_links_bg":"","ocean_menu_social_hover_links_bg":"","ocean_menu_social_links_color":"","ocean_menu_social_hover_links_color":"","ocean_disable_title":"default","ocean_disable_heading":"default","ocean_post_title":"","ocean_post_subheading":"","ocean_post_title_style":"","ocean_post_title_background_color":"","ocean_post_title_background":0,"ocean_post_title_bg_image_position":"","ocean_post_title_bg_image_attachment":"","ocean_post_title_bg_image_repeat":"","ocean_post_title_bg_image_size":"","ocean_post_title_height":0,"ocean_post_title_bg_overlay":0.5,"ocean_post_title_bg_overlay_color":"","ocean_disable_breadcrumbs":"default","ocean_breadcrumbs_color":"","ocean_breadcrumbs_separator_color":"","ocean_breadcrumbs_links_color":"","ocean_breadcrumbs_links_hover_color":"","ocean_display_footer_widgets":"default","ocean_display_footer_bottom":"default","ocean_custom_footer_template":"0"},"product_cat":[75],"product_tag":[],"class_list":{"0":"post-3818","1":"product","2":"type-product","3":"status-publish","4":"has-post-thumbnail","6":"product_cat-cool-bag","8":"entry","9":"has-media","11":"first","12":"instock","13":"taxable","14":"shipping-taxable","15":"purchasable","16":"product-type-variable","17":"col","18":"span_1_of_4","19":"owp-content-center","20":"owp-thumbs-layout-horizontal","21":"owp-btn-normal","22":"owp-tabs-layout-horizontal","23":"has-no-thumbnails"},"acf":{"ingredient":"Polyester, m\u00e0ng x\u1ed1p Polyethylen, m\u00e0ng x\u1ed1p, Polyethylen c\u00e1n m\u00e0ng nh\u00f4m\n\nKh\u00f4ng \u0111\u1ec3 s\u1ea3n ph\u1ea9m g\u1ea7n l\u1eeda v\u00e0 c\u00e1c v\u1eadt s\u1eafc nh\u1ecdn.<br data-start=\"88\" data-end=\"91\">Kh\u00f4ng d\u00f9ng ti\u1ebfp x\u00fac tr\u1ef1c ti\u1ebfp v\u1edbi th\u1ef1c ph\u1ea9m.","storage_and_expiry_date":"B\u1ea3o qu\u1ea3n n\u01a1i kh\u00f4 r\u00e1o.\nKh\u00f4ng \u0111\u01b0\u1ee3c gi\u1eb7t, kh\u00f4ng s\u1ea5y kh\u00f4 b\u1eb1ng m\u00e1y, kh\u00f4ng \u0111\u01b0\u1ee3c \u1ee7i.","storage_and_expiry_date_copy":"Ph\u00e2n ph\u1ed1i b\u1edfi C\u00f4ng Ty TNHH MTV B\u00e1nh K\u1eb9o Pheva. L\u00f4 s\u1ed1 2, KCN \u0110i\u1ec7n Nam, \u0110i\u1ec7n Ng\u1ecdc, P. \u0110i\u1ec7n Ng\u1ecdc, TX. \u0110i\u1ec7n B\u00e0n, T. Qu\u1ea3ng Nam\n\nS\u1ea3n xu\u1ea5t t\u1ea1i Vi\u1ec7t Nam"},"jetpack_sharing_enabled":true,"_links":{"self":[{"href":"https:\/\/phevaworld.com\/vi\/wp-json\/wp\/v2\/product\/3818","targetHints":{"allow":["GET"]}}],"collection":[{"href":"https:\/\/phevaworld.com\/vi\/wp-json\/wp\/v2\/product"}],"about":[{"href":"https:\/\/phevaworld.com\/vi\/wp-json\/wp\/v2\/types\/product"}],"wp:featuredmedia":[{"embeddable":true,"href":"https:\/\/phevaworld.com\/vi\/wp-json\/wp\/v2\/media\/4239"}],"wp:attachment":[{"href":"https:\/\/phevaworld.com\/vi\/wp-json\/wp\/v2\/media?parent=3818"}],"wp:term":[{"taxonomy":"product_cat","embeddable":true,"href":"https:\/\/phevaworld.com\/vi\/wp-json\/wp\/v2\/product_cat?post=3818"},{"taxonomy":"product_tag","embeddable":true,"href":"https:\/\/phevaworld.com\/vi\/wp-json\/wp\/v2\/product_tag?post=3818"}],"curies":[{"name":"wp","href":"https:\/\/api.w.org\/{rel}","templated":true}]}}